{"id":153,"date":"2018-10-25T11:27:47","date_gmt":"2018-10-25T11:27:47","guid":{"rendered":"https:\/\/futuriodemos.com\/woocommerce-fashion\/?page_id=153"},"modified":"2022-09-09T09:35:35","modified_gmt":"2022-09-09T07:35:35","slug":"contact","status":"publish","type":"page","link":"https:\/\/www.exher.fr\/en\/contact\/","title":{"rendered":"Contact"},"content":{"rendered":"\t\t<div data-elementor-type=\"wp-post\" data-elementor-id=\"153\" class=\"elementor elementor-153\">\n\t\t\t\t\t\t<section class=\"elementor-section elementor-top-section elementor-element elementor-element-ed935a3 elementor-section-boxed elementor-section-height-default elementor-section-height-default\" data-id=\"ed935a3\" data-element_type=\"section\" data-e-type=\"section\">\n\t\t\t\t\t\t\t<div class=\"elementor-background-overlay\"><\/div>\n\t\t\t\t\t\t\t<div class=\"elementor-container elementor-column-gap-default\">\n\t\t\t\t\t<div class=\"elementor-column elementor-col-50 elementor-top-column elementor-element elementor-element-17ce592\" data-id=\"17ce592\" data-element_type=\"column\" data-e-type=\"column\">\n\t\t\t<div class=\"elementor-widget-wrap elementor-element-populated\">\n\t\t\t\t\t\t<div class=\"elementor-element elementor-element-8b9fecb elementor-widget elementor-widget-heading\" data-id=\"8b9fecb\" data-element_type=\"widget\" data-e-type=\"widget\" data-widget_type=\"heading.default\">\n\t\t\t\t<div class=\"elementor-widget-container\">\n\t\t\t\t\t<h3 class=\"elementor-heading-title elementor-size-default\"><a href=\"https:\/\/www.exher.fr\/\">Contact - Soci\u00e9t\u00e9 Exher<\/a><\/h3>\t\t\t\t<\/div>\n\t\t\t\t<\/div>\n\t\t\t\t<div class=\"elementor-element elementor-element-efa97af elementor-widget elementor-widget-text-editor\" data-id=\"efa97af\" data-element_type=\"widget\" data-e-type=\"widget\" data-widget_type=\"text-editor.default\">\n\t\t\t\t<div class=\"elementor-widget-container\">\n\t\t\t\t\t\t\t\t\t<p>1 rue de terre neuve, B\u00e2t C<br \/>ZA Courtaboeuf, 91940 les Ulis\u00a0<br \/><br \/>du Lundi \u2013 vendredi : 9h00 \u2013 17h30<br \/>et le Samedi sur rendez-vous.<\/p>\t\t\t\t\t\t\t\t<\/div>\n\t\t\t\t<\/div>\n\t\t\t\t<div class=\"elementor-element elementor-element-94fd4fe elementor-icon-list--layout-traditional elementor-list-item-link-full_width elementor-widget elementor-widget-icon-list\" data-id=\"94fd4fe\" data-element_type=\"widget\" data-e-type=\"widget\" data-widget_type=\"icon-list.default\">\n\t\t\t\t<div class=\"elementor-widget-container\">\n\t\t\t\t\t\t\t<ul class=\"elementor-icon-list-items\">\n\t\t\t\t\t\t\t<li class=\"elementor-icon-list-item\">\n\t\t\t\t\t\t\t\t\t\t\t<a href=\"tel:+33952860909\">\n\n\t\t\t\t\t\t\t\t\t\t\t\t<span class=\"elementor-icon-list-icon\">\n\t\t\t\t\t\t\t<i aria-hidden=\"true\" class=\"fas fa-phone-alt\"><\/i>\t\t\t\t\t\t<\/span>\n\t\t\t\t\t\t\t\t\t\t<span class=\"elementor-icon-list-text\">+33 9 52 86 09 09<\/span>\n\t\t\t\t\t\t\t\t\t\t\t<\/a>\n\t\t\t\t\t\t\t\t\t<\/li>\n\t\t\t\t\t\t<\/ul>\n\t\t\t\t\t\t<\/div>\n\t\t\t\t<\/div>\n\t\t\t\t<div class=\"elementor-element elementor-element-67b8032 elementor-widget elementor-widget-button\" data-id=\"67b8032\" data-element_type=\"widget\" data-e-type=\"widget\" data-widget_type=\"button.default\">\n\t\t\t\t<div class=\"elementor-widget-container\">\n\t\t\t\t\t\t\t\t\t<div class=\"elementor-button-wrapper\">\n\t\t\t\t\t<a class=\"elementor-button elementor-button-link elementor-size-sm\" href=\"#popmake-8418\">\n\t\t\t\t\t\t<span class=\"elementor-button-content-wrapper\">\n\t\t\t\t\t\t<span class=\"elementor-button-icon\">\n\t\t\t\t<i aria-hidden=\"true\" class=\"fas fa-envelope-open\"><\/i>\t\t\t<\/span>\n\t\t\t\t\t\t\t\t\t<span class=\"elementor-button-text\">Newsletter<\/span>\n\t\t\t\t\t<\/span>\n\t\t\t\t\t<\/a>\n\t\t\t\t<\/div>\n\t\t\t\t\t\t\t\t<\/div>\n\t\t\t\t<\/div>\n\t\t\t\t\t<\/div>\n\t\t<\/div>\n\t\t\t\t<div class=\"elementor-column elementor-col-50 elementor-top-column elementor-element elementor-element-b301212\" data-id=\"b301212\" data-element_type=\"column\" data-e-type=\"column\">\n\t\t\t<div class=\"elementor-widget-wrap elementor-element-populated\">\n\t\t\t\t\t\t<div class=\"elementor-element elementor-element-9281198 elementor-widget elementor-widget-google_maps\" data-id=\"9281198\" data-element_type=\"widget\" data-e-type=\"widget\" data-widget_type=\"google_maps.default\">\n\t\t\t\t<div class=\"elementor-widget-container\">\n\t\t\t\t\t\t\t<div class=\"elementor-custom-embed\">\n\t\t\t<iframe loading=\"lazy\"\n\t\t\t\t\tsrc=\"https:\/\/maps.google.com\/maps?q=EXHER%2C%20B%C3%A2timent%20C%2C%20ZA%20de%20Courtaboeuf%2C%20Mini%20Parc%20du%20Verger%2C%201%20Rue%20Terre%20Neuve%2C%2091940%20Les%20Ulis&#038;t=m&#038;z=17&#038;output=embed&#038;iwloc=near\"\n\t\t\t\t\ttitle=\"EXHER, B\u00e2timent C, ZA de Courtaboeuf, Mini Parc du Verger, 1 Rue Terre Neuve, 91940 Les Ulis\"\n\t\t\t\t\taria-label=\"EXHER, B\u00e2timent C, ZA de Courtaboeuf, Mini Parc du Verger, 1 Rue Terre Neuve, 91940 Les Ulis\"\n\t\t\t><\/iframe>\n\t\t<\/div>\n\t\t\t\t\t\t<\/div>\n\t\t\t\t<\/div>\n\t\t\t\t<div class=\"elementor-element elementor-element-1e0b5ad elementor-align-center elementor-widget elementor-widget-button\" data-id=\"1e0b5ad\" data-element_type=\"widget\" data-e-type=\"widget\" data-widget_type=\"button.default\">\n\t\t\t\t<div class=\"elementor-widget-container\">\n\t\t\t\t\t\t\t\t\t<div class=\"elementor-button-wrapper\">\n\t\t\t\t\t<a class=\"elementor-button elementor-button-link elementor-size-md elementor-animation-float\" href=\"https:\/\/www.google.com\/maps\/place\/Exher\/@48.6903121,2.2012257,17z\/data=!3m1!4b1!4m5!3m4!1s0x47e677deb3d3dddb:0xa5d5a51ae29af7eb!8m2!3d48.6903121!4d2.2034144\">\n\t\t\t\t\t\t<span class=\"elementor-button-content-wrapper\">\n\t\t\t\t\t\t\t\t\t<span class=\"elementor-button-text\">Agrandir le plan<\/span>\n\t\t\t\t\t<\/span>\n\t\t\t\t\t<\/a>\n\t\t\t\t<\/div>\n\t\t\t\t\t\t\t\t<\/div>\n\t\t\t\t<\/div>\n\t\t\t\t\t<\/div>\n\t\t<\/div>\n\t\t\t\t\t<\/div>\n\t\t<\/section>\n\t\t\t\t<section class=\"elementor-section elementor-top-section elementor-element elementor-element-565143f9 elementor-section-boxed elementor-section-height-default elementor-section-height-default elementor-invisible\" data-id=\"565143f9\" data-element_type=\"section\" data-e-type=\"section\" id=\"news\" data-settings=\"{&quot;animation&quot;:&quot;fadeInUp&quot;}\">\n\t\t\t\t\t\t<div class=\"elementor-container elementor-column-gap-no\">\n\t\t\t\t\t<div class=\"elementor-column elementor-col-100 elementor-top-column elementor-element elementor-element-555131e0\" data-id=\"555131e0\" data-element_type=\"column\" data-e-type=\"column\">\n\t\t\t<div class=\"elementor-widget-wrap elementor-element-populated\">\n\t\t\t\t\t\t<div class=\"elementor-element elementor-element-b5082df elementor-widget elementor-widget-heading\" data-id=\"b5082df\" data-element_type=\"widget\" data-e-type=\"widget\" data-widget_type=\"heading.default\">\n\t\t\t\t<div class=\"elementor-widget-container\">\n\t\t\t\t\t<h2 class=\"elementor-heading-title elementor-size-default\">Nous contacter<\/h2>\t\t\t\t<\/div>\n\t\t\t\t<\/div>\n\t\t\t\t\t<\/div>\n\t\t<\/div>\n\t\t\t\t\t<\/div>\n\t\t<\/section>\n\t\t\t\t<section class=\"elementor-section elementor-top-section elementor-element elementor-element-e4f8134 elementor-section-boxed elementor-section-height-default elementor-section-height-default\" data-id=\"e4f8134\" data-element_type=\"section\" data-e-type=\"section\">\n\t\t\t\t\t\t<div class=\"elementor-container elementor-column-gap-default\">\n\t\t\t\t\t<div class=\"elementor-column elementor-col-100 elementor-top-column elementor-element elementor-element-073878c\" data-id=\"073878c\" data-element_type=\"column\" data-e-type=\"column\">\n\t\t\t<div class=\"elementor-widget-wrap elementor-element-populated\">\n\t\t\t\t\t\t<div class=\"elementor-element elementor-element-bdedc68 elementor-widget elementor-widget-text-editor\" data-id=\"bdedc68\" data-element_type=\"widget\" data-e-type=\"widget\" data-widget_type=\"text-editor.default\">\n\t\t\t\t<div class=\"elementor-widget-container\">\n\t\t\t\t\t\t\t\t\t<p><strong>FORMULAIRE DE CONTACT<\/strong><\/p>\t\t\t\t\t\t\t\t<\/div>\n\t\t\t\t<\/div>\n\t\t\t\t<div class=\"elementor-element elementor-element-d50cc0d elementor-widget elementor-widget-htmega-contactform-addons\" data-id=\"d50cc0d\" data-element_type=\"widget\" data-e-type=\"widget\" data-widget_type=\"htmega-contactform-addons.default\">\n\t\t\t\t<div class=\"elementor-widget-container\">\n\t\t\t\t\t            <div class=\"htmega-form-wrapper sidd50cc0d htmega-form-style-2\" >\n                \n<div class=\"wpcf7 no-js\" id=\"wpcf7-f796-o1\" lang=\"fr-FR\" dir=\"ltr\" data-wpcf7-id=\"796\">\n<div class=\"screen-reader-response\"><p role=\"status\" aria-live=\"polite\" aria-atomic=\"true\"><\/p> <ul><\/ul><\/div>\n<form action=\"\/en\/wp-json\/wp\/v2\/pages\/153#wpcf7-f796-o1\" method=\"post\" class=\"wpcf7-form init\" aria-label=\"Formulaire de contact\" novalidate=\"novalidate\" data-status=\"init\">\n<fieldset class=\"hidden-fields-container\"><input type=\"hidden\" name=\"_wpcf7\" value=\"796\" \/><input type=\"hidden\" name=\"_wpcf7_version\" value=\"6.1.5\" \/><input type=\"hidden\" name=\"_wpcf7_locale\" value=\"fr_FR\" \/><input type=\"hidden\" name=\"_wpcf7_unit_tag\" value=\"wpcf7-f796-o1\" \/><input type=\"hidden\" name=\"_wpcf7_container_post\" value=\"0\" \/><input type=\"hidden\" name=\"_wpcf7_posted_data_hash\" value=\"\" \/><input type=\"hidden\" name=\"_wpcf7cf_hidden_group_fields\" value=\"[]\" \/><input type=\"hidden\" name=\"_wpcf7cf_hidden_groups\" value=\"[]\" \/><input type=\"hidden\" name=\"_wpcf7cf_visible_groups\" value=\"[]\" \/><input type=\"hidden\" name=\"_wpcf7cf_repeaters\" value=\"[]\" \/><input type=\"hidden\" name=\"_wpcf7cf_steps\" value=\"{}\" \/><input type=\"hidden\" name=\"_wpcf7cf_options\" value=\"{&quot;form_id&quot;:796,&quot;conditions&quot;:[{&quot;then_field&quot;:&quot;uploads&quot;,&quot;and_rules&quot;:[{&quot;if_field&quot;:&quot;Objet&quot;,&quot;operator&quot;:&quot;equals&quot;,&quot;if_value&quot;:&quot;Recrutement&quot;}]}],&quot;settings&quot;:{&quot;animation&quot;:&quot;yes&quot;,&quot;animation_intime&quot;:200,&quot;animation_outtime&quot;:200,&quot;conditions_ui&quot;:&quot;normal&quot;,&quot;notice_dismissed&quot;:false}}\" \/><input type=\"hidden\" name=\"upload_dir\" value=\"tmp_uploads\" \/><input type=\"hidden\" name=\"generate_name\" value=\"04-27-26-69ef98f779b99\" \/><input type=\"hidden\" name=\"_wpcf7_recaptcha_response\" value=\"\" \/>\n<\/fieldset>\n<div class=\"Dcol\">\n\t<div class=\"half-col\">\n\t\t<p><label> Nom *<br \/>\n<span class=\"wpcf7-form-control-wrap\" data-name=\"nom\"><input size=\"40\" maxlength=\"400\" class=\"wpcf7-form-control wpcf7-text wpcf7-validates-as-required\" aria-required=\"true\" aria-invalid=\"false\" value=\"\" type=\"text\" name=\"nom\" \/><\/span> <\/label>\n\t\t<\/p>\n\t<\/div>\n\t<div class=\"half-col\">\n\t\t<p><label> Email *<br \/>\n<span class=\"wpcf7-form-control-wrap\" data-name=\"email\"><input size=\"40\" maxlength=\"400\" class=\"wpcf7-form-control wpcf7-email wpcf7-validates-as-required wpcf7-text wpcf7-validates-as-email\" aria-required=\"true\" aria-invalid=\"false\" value=\"\" type=\"email\" name=\"email\" \/><\/span> <\/label>\n\t\t<\/p>\n\t<\/div>\n<\/div>\n<p><label> T\u00e9l\u00e9phone<br \/>\n<span class=\"wpcf7-form-control-wrap\" data-name=\"telephone\"><input size=\"40\" maxlength=\"400\" class=\"wpcf7-form-control wpcf7-tel wpcf7-text wpcf7-validates-as-tel\" aria-invalid=\"false\" value=\"\" type=\"tel\" name=\"telephone\" \/><\/span><\/label>\n<\/p>\n<p><label> Objet *<br \/>\n<span class=\"wpcf7-form-control-wrap\" data-name=\"Objet\"><select class=\"wpcf7-form-control wpcf7-select wpcf7-validates-as-required\" aria-required=\"true\" aria-invalid=\"false\" name=\"Objet\"><option value=\"\"><\/option><option value=\"Maintenance\">Maintenance<\/option><option value=\"D\u00e9pannage\">D\u00e9pannage<\/option><option value=\"Service web\">Service web<\/option><option value=\"Formation\">Formation<\/option><option value=\"PAO\">PAO<\/option><option value=\"Recrutement\">Recrutement<\/option><option value=\"Autres\">Autres<\/option><\/select><\/span> <\/label>\n<\/p>\n<div data-id=\"uploads\" data-orig_data_id=\"uploads\"  class=\"\" data-class=\"wpcf7cf_group\">\n\t<p><label> Documents ( CV, BOOK )*<\/label><br \/>\n<span class=\"wpcf7-form-control-wrap codedropz-theme-light\" data-name=\"Cv-book\"><input size=\"40\" class=\"wpcf7-form-control wpcf7-drag-n-drop-file d-none\" aria-invalid=\"false\" type=\"file\" multiple=\"multiple\" data-name=\"Cv-book\" data-type=\"pdf|doc|docx|odt\" data-limit=\"6291456\" data-max=\"2\" data-id=\"796\" accept=\".pdf, .doc, .docx, .odt\" \/><\/span>\n\t<\/p>\n<\/div>\n<p><label>Message<br \/>\n<span class=\"wpcf7-form-control-wrap\" data-name=\"message\"><textarea cols=\"40\" rows=\"10\" maxlength=\"2000\" class=\"wpcf7-form-control wpcf7-textarea\" aria-invalid=\"false\" name=\"message\"><\/textarea><\/span> <\/label><br \/>\n<span class=\"wpcf7-form-control-wrap\" data-name=\"optin\"><span class=\"wpcf7-form-control wpcf7-checkbox wpcf7-exclusive-checkbox\" id=\"conf2\"><span class=\"wpcf7-list-item first last\"><input type=\"checkbox\" name=\"optin\" value=\"S&#039;inscrire \u00e0 la Newsletter\" \/><span class=\"wpcf7-list-item-label\">S&#039;inscrire \u00e0 la Newsletter<\/span><\/span><\/span><\/span>\n<\/p>\n<p><input class=\"wpcf7-form-control wpcf7-submit has-spinner\" type=\"submit\" value=\"Envoyer\" \/>\n<\/p><p style=\"display: none !important;\" class=\"akismet-fields-container\" data-prefix=\"_wpcf7_ak_\"><label>&#916;<textarea name=\"_wpcf7_ak_hp_textarea\" cols=\"45\" rows=\"8\" maxlength=\"100\"><\/textarea><\/label><input type=\"hidden\" id=\"ak_js_1\" name=\"_wpcf7_ak_js\" value=\"169\"\/><script>document.getElementById( \"ak_js_1\" ).setAttribute( \"value\", ( new Date() ).getTime() );<\/script><\/p><input type='hidden' class='wpcf7-pum' value='{\"closepopup\":false,\"closedelay\":0,\"openpopup\":false,\"openpopup_id\":0}' \/><div class=\"wpcf7-response-output\" aria-hidden=\"true\"><\/div>\n<\/form>\n<\/div>\n            <\/div>\n\n\n        \t\t\t\t<\/div>\n\t\t\t\t<\/div>\n\t\t\t\t\t<\/div>\n\t\t<\/div>\n\t\t\t\t\t<\/div>\n\t\t<\/section>\n\t\t\t\t<section class=\"elementor-section elementor-top-section elementor-element elementor-element-20814f7 elementor-section-boxed elementor-section-height-default elementor-section-height-default\" data-id=\"20814f7\" data-element_type=\"section\" data-e-type=\"section\">\n\t\t\t\t\t\t<div class=\"elementor-container elementor-column-gap-default\">\n\t\t\t\t\t<div class=\"elementor-column elementor-col-100 elementor-top-column elementor-element elementor-element-a848df4\" data-id=\"a848df4\" data-element_type=\"column\" data-e-type=\"column\">\n\t\t\t<div class=\"elementor-widget-wrap elementor-element-populated\">\n\t\t\t\t\t\t<section class=\"elementor-section elementor-inner-section elementor-element elementor-element-97c5c8a elementor-section-boxed elementor-section-height-default elementor-section-height-default\" data-id=\"97c5c8a\" data-element_type=\"section\" data-e-type=\"section\">\n\t\t\t\t\t\t<div class=\"elementor-container elementor-column-gap-default\">\n\t\t\t\t\t<div class=\"elementor-column elementor-col-100 elementor-inner-column elementor-element elementor-element-3230a90\" data-id=\"3230a90\" data-element_type=\"column\" data-e-type=\"column\">\n\t\t\t<div class=\"elementor-widget-wrap elementor-element-populated\">\n\t\t\t\t\t\t<div class=\"elementor-element elementor-element-a6e4d42 elementor-widget elementor-widget-heading\" data-id=\"a6e4d42\" data-element_type=\"widget\" data-e-type=\"widget\" data-widget_type=\"heading.default\">\n\t\t\t\t<div class=\"elementor-widget-container\">\n\t\t\t\t\t<h2 class=\"elementor-heading-title elementor-size-default\">Suivez-moi sur<\/h2>\t\t\t\t<\/div>\n\t\t\t\t<\/div>\n\t\t\t\t<div class=\"elementor-element elementor-element-aa8ce16 elementor-shape-circle elementor-grid-0 e-grid-align-center elementor-widget elementor-widget-social-icons\" data-id=\"aa8ce16\" data-element_type=\"widget\" data-e-type=\"widget\" data-widget_type=\"social-icons.default\">\n\t\t\t\t<div class=\"elementor-widget-container\">\n\t\t\t\t\t\t\t<div class=\"elementor-social-icons-wrapper elementor-grid\" role=\"list\">\n\t\t\t\t\t\t\t<span class=\"elementor-grid-item\" role=\"listitem\">\n\t\t\t\t\t<a class=\"elementor-icon elementor-social-icon elementor-social-icon-twitter elementor-animation-float elementor-repeater-item-936ea2c\" href=\"https:\/\/twitter.com\/TwiterExher\" target=\"_blank\">\n\t\t\t\t\t\t<span class=\"elementor-screen-only\">Twitter<\/span>\n\t\t\t\t\t\t<i aria-hidden=\"true\" class=\"fab fa-twitter\"><\/i>\t\t\t\t\t<\/a>\n\t\t\t\t<\/span>\n\t\t\t\t\t\t\t<span class=\"elementor-grid-item\" role=\"listitem\">\n\t\t\t\t\t<a class=\"elementor-icon elementor-social-icon elementor-social-icon-facebook-f elementor-animation-float elementor-repeater-item-5b53172\" href=\"https:\/\/www.facebook.com\/exher\" target=\"_blank\">\n\t\t\t\t\t\t<span class=\"elementor-screen-only\">Facebook-f<\/span>\n\t\t\t\t\t\t<i aria-hidden=\"true\" class=\"fab fa-facebook-f\"><\/i>\t\t\t\t\t<\/a>\n\t\t\t\t<\/span>\n\t\t\t\t\t\t\t<span class=\"elementor-grid-item\" role=\"listitem\">\n\t\t\t\t\t<a class=\"elementor-icon elementor-social-icon elementor-social-icon-instagram elementor-animation-float elementor-repeater-item-ee34a1f\" href=\"https:\/\/www.instagram.com\/exher1\/\" target=\"_blank\">\n\t\t\t\t\t\t<span class=\"elementor-screen-only\">Instagram<\/span>\n\t\t\t\t\t\t<i aria-hidden=\"true\" class=\"fab fa-instagram\"><\/i>\t\t\t\t\t<\/a>\n\t\t\t\t<\/span>\n\t\t\t\t\t\t\t<span class=\"elementor-grid-item\" role=\"listitem\">\n\t\t\t\t\t<a class=\"elementor-icon elementor-social-icon elementor-social-icon-linkedin-in elementor-animation-float elementor-repeater-item-be53f81\" href=\"https:\/\/fr.linkedin.com\/company\/exher\" target=\"_blank\">\n\t\t\t\t\t\t<span class=\"elementor-screen-only\">Linkedin-in<\/span>\n\t\t\t\t\t\t<i aria-hidden=\"true\" class=\"fab fa-linkedin-in\"><\/i>\t\t\t\t\t<\/a>\n\t\t\t\t<\/span>\n\t\t\t\t\t<\/div>\n\t\t\t\t\t\t<\/div>\n\t\t\t\t<\/div>\n\t\t\t\t\t<\/div>\n\t\t<\/div>\n\t\t\t\t\t<\/div>\n\t\t<\/section>\n\t\t\t\t\t<\/div>\n\t\t<\/div>\n\t\t\t\t\t<\/div>\n\t\t<\/section>\n\t\t\t\t<\/div>\n\t\t","protected":false},"excerpt":{"rendered":"<p>Contact &#8211; Soci\u00e9t\u00e9 Exher 1 rue de terre neuve, B\u00e2t C ZA Courtaboeuf, 91940 les Ulis du Lundi \u2013 vendredi : 9h00 \u2013 17h30 et le Samedi sur rendez-vous. +33 9 52 86 09 09 Newsletter Agrandir le plan Nous contacter FORMULAIRE DE CONTACT Nom * Email * T\u00e9l\u00e9phone Objet * MaintenanceD\u00e9pannageService webFormationPAORecrutementAutres Documents (&hellip;<\/p>","protected":false},"author":1,"featured_media":0,"parent":0,"menu_order":0,"comment_status":"closed","ping_status":"closed","template":"","meta":{"_monsterinsights_skip_tracking":false,"_monsterinsights_sitenote_active":false,"_monsterinsights_sitenote_note":"","_monsterinsights_sitenote_category":0,"_glsr_average":0,"_glsr_ranking":0,"_glsr_reviews":0,"footnotes":""},"class_list":["post-153","page","type-page","status-publish","hentry"],"aioseo_notices":[],"yoast_head":"<!-- This site is optimized with the Yoast SEO plugin v27.0 - https:\/\/yoast.com\/product\/yoast-seo-wordpress\/ -->\n<title>Contact ez-nous - Exher<\/title>\n<meta name=\"description\" content=\"Veuillez renseigner vos informations dans nos formulaire de contact afin d&#039;\u00eatre contactez dans les plus brefs d\u00e9lais.\" \/>\n<meta name=\"robots\" content=\"index, follow, max-snippet:-1, max-image-preview:large, max-video-preview:-1\" \/>\n<link rel=\"canonical\" href=\"https:\/\/www.exher.fr\/en\/contact\/\" \/>\n<meta property=\"og:locale\" content=\"en_GB\" \/>\n<meta property=\"og:type\" content=\"article\" \/>\n<meta property=\"og:title\" content=\"Contact ez-nous - Exher\" \/>\n<meta property=\"og:description\" content=\"Veuillez renseigner vos informations dans nos formulaire de contact afin d&#039;\u00eatre contactez dans les plus brefs d\u00e9lais.\" \/>\n<meta property=\"og:url\" content=\"https:\/\/www.exher.fr\/en\/contact\/\" \/>\n<meta property=\"og:site_name\" content=\"Exher\" \/>\n<meta property=\"article:publisher\" content=\"https:\/\/www.facebook.com\/exher\/\" \/>\n<meta property=\"article:modified_time\" content=\"2022-09-09T07:35:35+00:00\" \/>\n<meta name=\"twitter:card\" content=\"summary_large_image\" \/>\n<meta name=\"twitter:site\" content=\"@TwiterExher\" \/>\n<meta name=\"twitter:label1\" content=\"Estimated reading time\" \/>\n\t<meta name=\"twitter:data1\" content=\"1 minute\" \/>\n<script type=\"application\/ld+json\" class=\"yoast-schema-graph\">{\"@context\":\"https:\/\/schema.org\",\"@graph\":[{\"@type\":\"WebPage\",\"@id\":\"https:\/\/www.exher.fr\/contact\/\",\"url\":\"https:\/\/www.exher.fr\/contact\/\",\"name\":\"Contact ez-nous - Exher\",\"isPartOf\":{\"@id\":\"https:\/\/www.exher.fr\/#website\"},\"datePublished\":\"2018-10-25T11:27:47+00:00\",\"dateModified\":\"2022-09-09T07:35:35+00:00\",\"description\":\"Veuillez renseigner vos informations dans nos formulaire de contact afin d'\u00eatre contactez dans les plus brefs d\u00e9lais.\",\"breadcrumb\":{\"@id\":\"https:\/\/www.exher.fr\/contact\/#breadcrumb\"},\"inLanguage\":\"en-GB\",\"potentialAction\":[{\"@type\":\"ReadAction\",\"target\":[\"https:\/\/www.exher.fr\/contact\/\"]}]},{\"@type\":\"BreadcrumbList\",\"@id\":\"https:\/\/www.exher.fr\/contact\/#breadcrumb\",\"itemListElement\":[{\"@type\":\"ListItem\",\"position\":1,\"name\":\"Accueil\",\"item\":\"https:\/\/www.exher.fr\/\"},{\"@type\":\"ListItem\",\"position\":2,\"name\":\"Contact\"}]},{\"@type\":\"WebSite\",\"@id\":\"https:\/\/www.exher.fr\/#website\",\"url\":\"https:\/\/www.exher.fr\/\",\"name\":\"Exher\",\"description\":\"L&#039;informatique sans soucis\",\"publisher\":{\"@id\":\"https:\/\/www.exher.fr\/#organization\"},\"potentialAction\":[{\"@type\":\"SearchAction\",\"target\":{\"@type\":\"EntryPoint\",\"urlTemplate\":\"https:\/\/www.exher.fr\/?s={search_term_string}\"},\"query-input\":{\"@type\":\"PropertyValueSpecification\",\"valueRequired\":true,\"valueName\":\"search_term_string\"}}],\"inLanguage\":\"en-GB\"},{\"@type\":\"Organization\",\"@id\":\"https:\/\/www.exher.fr\/#organization\",\"name\":\"EXHER\",\"url\":\"https:\/\/www.exher.fr\/\",\"logo\":{\"@type\":\"ImageObject\",\"inLanguage\":\"en-GB\",\"@id\":\"https:\/\/www.exher.fr\/#\/schema\/logo\/image\/\",\"url\":\"https:\/\/www.exher.fr\/wp-content\/uploads\/2019\/04\/exher2.png\",\"contentUrl\":\"https:\/\/www.exher.fr\/wp-content\/uploads\/2019\/04\/exher2.png\",\"width\":1772,\"height\":1022,\"caption\":\"EXHER\"},\"image\":{\"@id\":\"https:\/\/www.exher.fr\/#\/schema\/logo\/image\/\"},\"sameAs\":[\"https:\/\/www.facebook.com\/exher\/\",\"https:\/\/x.com\/TwiterExher\",\"https:\/\/www.instagram.com\/exher1\/\",\"https:\/\/www.linkedin.com\/feed\/\"]}]}<\/script>\n<!-- \/ Yoast SEO plugin. -->","yoast_head_json":{"title":"Contact ez-nous - Exher","description":"Veuillez renseigner vos informations dans nos formulaire de contact afin d'\u00eatre contactez dans les plus brefs d\u00e9lais.","robots":{"index":"index","follow":"follow","max-snippet":"max-snippet:-1","max-image-preview":"max-image-preview:large","max-video-preview":"max-video-preview:-1"},"canonical":"https:\/\/www.exher.fr\/en\/contact\/","og_locale":"en_GB","og_type":"article","og_title":"Contact ez-nous - Exher","og_description":"Veuillez renseigner vos informations dans nos formulaire de contact afin d'\u00eatre contactez dans les plus brefs d\u00e9lais.","og_url":"https:\/\/www.exher.fr\/en\/contact\/","og_site_name":"Exher","article_publisher":"https:\/\/www.facebook.com\/exher\/","article_modified_time":"2022-09-09T07:35:35+00:00","twitter_card":"summary_large_image","twitter_site":"@TwiterExher","twitter_misc":{"Estimated reading time":"1 minute"},"schema":{"@context":"https:\/\/schema.org","@graph":[{"@type":"WebPage","@id":"https:\/\/www.exher.fr\/contact\/","url":"https:\/\/www.exher.fr\/contact\/","name":"Contact ez-nous - Exher","isPartOf":{"@id":"https:\/\/www.exher.fr\/#website"},"datePublished":"2018-10-25T11:27:47+00:00","dateModified":"2022-09-09T07:35:35+00:00","description":"Veuillez renseigner vos informations dans nos formulaire de contact afin d'\u00eatre contactez dans les plus brefs d\u00e9lais.","breadcrumb":{"@id":"https:\/\/www.exher.fr\/contact\/#breadcrumb"},"inLanguage":"en-GB","potentialAction":[{"@type":"ReadAction","target":["https:\/\/www.exher.fr\/contact\/"]}]},{"@type":"BreadcrumbList","@id":"https:\/\/www.exher.fr\/contact\/#breadcrumb","itemListElement":[{"@type":"ListItem","position":1,"name":"Accueil","item":"https:\/\/www.exher.fr\/"},{"@type":"ListItem","position":2,"name":"Contact"}]},{"@type":"WebSite","@id":"https:\/\/www.exher.fr\/#website","url":"https:\/\/www.exher.fr\/","name":"Exher","description":"IT without worries","publisher":{"@id":"https:\/\/www.exher.fr\/#organization"},"potentialAction":[{"@type":"SearchAction","target":{"@type":"EntryPoint","urlTemplate":"https:\/\/www.exher.fr\/?s={search_term_string}"},"query-input":{"@type":"PropertyValueSpecification","valueRequired":true,"valueName":"search_term_string"}}],"inLanguage":"en-GB"},{"@type":"Organization","@id":"https:\/\/www.exher.fr\/#organization","name":"EXHER","url":"https:\/\/www.exher.fr\/","logo":{"@type":"ImageObject","inLanguage":"en-GB","@id":"https:\/\/www.exher.fr\/#\/schema\/logo\/image\/","url":"https:\/\/www.exher.fr\/wp-content\/uploads\/2019\/04\/exher2.png","contentUrl":"https:\/\/www.exher.fr\/wp-content\/uploads\/2019\/04\/exher2.png","width":1772,"height":1022,"caption":"EXHER"},"image":{"@id":"https:\/\/www.exher.fr\/#\/schema\/logo\/image\/"},"sameAs":["https:\/\/www.facebook.com\/exher\/","https:\/\/x.com\/TwiterExher","https:\/\/www.instagram.com\/exher1\/","https:\/\/www.linkedin.com\/feed\/"]}]}},"_links":{"self":[{"href":"https:\/\/www.exher.fr\/en\/wp-json\/wp\/v2\/pages\/153","targetHints":{"allow":["GET"]}}],"collection":[{"href":"https:\/\/www.exher.fr\/en\/wp-json\/wp\/v2\/pages"}],"about":[{"href":"https:\/\/www.exher.fr\/en\/wp-json\/wp\/v2\/types\/page"}],"author":[{"embeddable":true,"href":"https:\/\/www.exher.fr\/en\/wp-json\/wp\/v2\/users\/1"}],"replies":[{"embeddable":true,"href":"https:\/\/www.exher.fr\/en\/wp-json\/wp\/v2\/comments?post=153"}],"version-history":[{"count":83,"href":"https:\/\/www.exher.fr\/en\/wp-json\/wp\/v2\/pages\/153\/revisions"}],"predecessor-version":[{"id":13819,"href":"https:\/\/www.exher.fr\/en\/wp-json\/wp\/v2\/pages\/153\/revisions\/13819"}],"wp:attachment":[{"href":"https:\/\/www.exher.fr\/en\/wp-json\/wp\/v2\/media?parent=153"}],"curies":[{"name":"wp","href":"https:\/\/api.w.org\/{rel}","templated":true}]}}