{"id":16427,"date":"2025-01-24T09:46:41","date_gmt":"2025-01-24T08:46:41","guid":{"rendered":"https:\/\/www.exher.fr\/?page_id=16427"},"modified":"2025-01-24T10:29:51","modified_gmt":"2025-01-24T09:29:51","slug":"plan-du-site","status":"publish","type":"page","link":"https:\/\/www.exher.fr\/en\/societe-exher\/plan-du-site\/","title":{"rendered":"Plan du site"},"content":{"rendered":"<div data-elementor-type=\"wp-post\" data-elementor-id=\"16427\" class=\"elementor elementor-16427\">\n\t\t\t\t\t\t<section class=\"elementor-section elementor-top-section elementor-element elementor-element-bcd5f78 elementor-section-boxed elementor-section-height-default elementor-section-height-default\" data-id=\"bcd5f78\" data-element_type=\"section\" data-e-type=\"section\" data-settings=\"{&quot;background_background&quot;:&quot;classic&quot;}\">\n\t\t\t\t\t\t\t<div class=\"elementor-background-overlay\"><\/div>\n\t\t\t\t\t\t\t<div class=\"elementor-container elementor-column-gap-no\">\n\t\t\t\t\t<div class=\"elementor-column elementor-col-100 elementor-top-column elementor-element elementor-element-691b231\" data-id=\"691b231\" data-element_type=\"column\" data-e-type=\"column\">\n\t\t\t<div class=\"elementor-widget-wrap elementor-element-populated\">\n\t\t\t\t\t\t<div class=\"elementor-element elementor-element-641d911 elementor-widget elementor-widget-heading\" data-id=\"641d911\" data-element_type=\"widget\" data-e-type=\"widget\" data-widget_type=\"heading.default\">\n\t\t\t\t<div class=\"elementor-widget-container\">\n\t\t\t\t\t<h2 class=\"elementor-heading-title elementor-size-default\">Plan du site<\/h2>\t\t\t\t<\/div>\n\t\t\t\t<\/div>\n\t\t\t\t<div class=\"elementor-element elementor-element-4abfba8 elementor-widget-divider--view-line elementor-widget elementor-widget-divider\" data-id=\"4abfba8\" data-element_type=\"widget\" data-e-type=\"widget\" data-widget_type=\"divider.default\">\n\t\t\t\t<div class=\"elementor-widget-container\">\n\t\t\t\t\t\t\t<div class=\"elementor-divider\">\n\t\t\t<span class=\"elementor-divider-separator\">\n\t\t\t\t\t\t<\/span>\n\t\t<\/div>\n\t\t\t\t\t\t<\/div>\n\t\t\t\t<\/div>\n\t\t\t\t<section class=\"elementor-section elementor-inner-section elementor-element elementor-element-7c38b4a elementor-section-boxed elementor-section-height-default elementor-section-height-default\" data-id=\"7c38b4a\" data-element_type=\"section\" data-e-type=\"section\">\n\t\t\t\t\t\t<div class=\"elementor-container elementor-column-gap-default\">\n\t\t\t\t\t<div class=\"elementor-column elementor-col-100 elementor-inner-column elementor-element elementor-element-2892d83\" data-id=\"2892d83\" data-element_type=\"column\" data-e-type=\"column\">\n\t\t\t<div class=\"elementor-widget-wrap elementor-element-populated\">\n\t\t\t\t\t\t<div class=\"elementor-element elementor-element-ef69297 elementor-widget elementor-widget-text-editor\" data-id=\"ef69297\" data-element_type=\"widget\" data-e-type=\"widget\" data-widget_type=\"text-editor.default\">\n\t\t\t\t<div class=\"elementor-widget-container\">\n\t\t\t\t\t\t\t\t\t<p style=\"text-align: left;\">D\u00e9couvrez notre plan de site pour naviguer facilement et acc\u00e9der rapidement \u00e0 toutes les sections et informations importantes de notre site.<\/p>\t\t\t\t\t\t\t\t<\/div>\n\t\t\t\t<\/div>\n\t\t\t\t<div class=\"elementor-element elementor-element-acb6334 elementor-widget elementor-widget-spacer\" data-id=\"acb6334\" data-element_type=\"widget\" data-e-type=\"widget\" data-widget_type=\"spacer.default\">\n\t\t\t\t<div class=\"elementor-widget-container\">\n\t\t\t\t\t\t\t<div class=\"elementor-spacer\">\n\t\t\t<div class=\"elementor-spacer-inner\"><\/div>\n\t\t<\/div>\n\t\t\t\t\t\t<\/div>\n\t\t\t\t<\/div>\n\t\t\t\t\t<\/div>\n\t\t<\/div>\n\t\t\t\t\t<\/div>\n\t\t<\/section>\n\t\t\t\t\t<\/div>\n\t\t<\/div>\n\t\t\t\t\t<\/div>\n\t\t<\/section>\n\t\t\t\t<section class=\"elementor-section elementor-top-section elementor-element elementor-element-837a676 elementor-section-boxed elementor-section-height-default elementor-section-height-default\" data-id=\"837a676\" data-element_type=\"section\" data-e-type=\"section\">\n\t\t\t\t\t\t<div class=\"elementor-container elementor-column-gap-default\">\n\t\t\t\t\t<div class=\"elementor-column elementor-col-50 elementor-top-column elementor-element elementor-element-4c5219b\" data-id=\"4c5219b\" data-element_type=\"column\" data-e-type=\"column\">\n\t\t\t<div class=\"elementor-widget-wrap elementor-element-populated\">\n\t\t\t\t\t\t<div class=\"elementor-element elementor-element-d90680e elementor-widget elementor-widget-text-editor\" data-id=\"d90680e\" data-element_type=\"widget\" data-e-type=\"widget\" data-widget_type=\"text-editor.default\">\n\t\t\t\t<div class=\"elementor-widget-container\">\n\t\t\t\t\t\t\t\t\t<ul><li><a href=\"https:\/\/www.exher.fr\/en\/\">Accueil<\/a><\/li><li><a href=\"https:\/\/www.renhord.com\">Shop<\/a><\/li><li><a href=\"https:\/\/www.exher.fr\/en\/contact\/\">Contact<\/a><\/li><li><a href=\"https:\/\/www.exher.fr\/en\/demande-devis\/\">Quote request<\/a><\/li><li><a href=\"https:\/\/www.exher.fr\/en\/depannage-informatique\/\">Troubleshooting<\/a><\/li><li><a href=\"https:\/\/www.exher.fr\/en\/maintenance-informatique\/\">Maintenance<\/a><\/li><li><a href=\"https:\/\/www.exher.fr\/en\/site-web\/\">Web Service<\/a><\/li><li><a href=\"https:\/\/www.exher.fr\/en\/formation\/\">Training<\/a><\/li><li><a href=\"https:\/\/www.exher.fr\/en\/blog\/\">Blog<\/a><\/li><\/ul>\t\t\t\t\t\t\t\t<\/div>\n\t\t\t\t<\/div>\n\t\t\t\t\t<\/div>\n\t\t<\/div>\n\t\t\t\t<div class=\"elementor-column elementor-col-50 elementor-top-column elementor-element elementor-element-f07c626\" data-id=\"f07c626\" data-element_type=\"column\" data-e-type=\"column\">\n\t\t\t<div class=\"elementor-widget-wrap elementor-element-populated\">\n\t\t\t\t\t\t<div class=\"elementor-element elementor-element-e83a4f7 elementor-widget elementor-widget-text-editor\" data-id=\"e83a4f7\" data-element_type=\"widget\" data-e-type=\"widget\" data-widget_type=\"text-editor.default\">\n\t\t\t\t<div class=\"elementor-widget-container\">\n\t\t\t\t\t\t\t\t\t<ul><li><a href=\"https:\/\/www.exher.fr\/en\/mentions-legales-2\/\">Mention l\u00e9gales<\/a><\/li><li><a href=\"https:\/\/www.exher.fr\/en\/politique-de-cookies\/\">Politiques de cookies<\/a><\/li><li><a href=\"https:\/\/www.exher.fr\/en\/my-account\/\">My Account<\/a><\/li><li><a href=\"https:\/\/www.exher.fr\/en\/societe-exher\/\">Qui somme nous ?<\/a><\/li><li><a href=\"https:\/\/www.exher.fr\/en\/nos-references-2\/\">Our references<\/a><\/li><li><a href=\"https:\/\/www.exher.fr\/en\/nos-partenaires\/\">Our partners<\/a><\/li><li><a href=\"https:\/\/www.exher.fr\/en\/conditions-generales-de-vente\/\">Terms of Sales<\/a><\/li><li><a href=\"https:\/\/www.exher.fr\/en\/avis-clients\/\">Avis clients<\/a>\u00a0<\/li><li><a href=\"https:\/\/www.exher.fr\/en\/plan-du-site\/\">Plan du site<\/a><\/li><li><a href=\"https:\/\/www.exher.fr\/en\/faq-foire-aux-questions\/\">FAQ<\/a><\/li><\/ul>\t\t\t\t\t\t\t\t<\/div>\n\t\t\t\t<\/div>\n\t\t\t\t\t<\/div>\n\t\t<\/div>\n\t\t\t\t\t<\/div>\n\t\t<\/section>\n\t\t\t\t<section class=\"elementor-section elementor-top-section elementor-element elementor-element-f962370 elementor-section-boxed elementor-section-height-default elementor-section-height-default\" data-id=\"f962370\" data-element_type=\"section\" data-e-type=\"section\">\n\t\t\t\t\t\t<div class=\"elementor-container elementor-column-gap-default\">\n\t\t\t\t\t<div class=\"elementor-column elementor-col-100 elementor-top-column elementor-element elementor-element-f93b4a8\" data-id=\"f93b4a8\" data-element_type=\"column\" data-e-type=\"column\">\n\t\t\t<div class=\"elementor-widget-wrap elementor-element-populated\">\n\t\t\t\t\t\t<div class=\"elementor-element elementor-element-24299d9 elementor-widget elementor-widget-spacer\" data-id=\"24299d9\" data-element_type=\"widget\" data-e-type=\"widget\" data-widget_type=\"spacer.default\">\n\t\t\t\t<div class=\"elementor-widget-container\">\n\t\t\t\t\t\t\t<div class=\"elementor-spacer\">\n\t\t\t<div class=\"elementor-spacer-inner\"><\/div>\n\t\t<\/div>\n\t\t\t\t\t\t<\/div>\n\t\t\t\t<\/div>\n\t\t\t\t\t<\/div>\n\t\t<\/div>\n\t\t\t\t\t<\/div>\n\t\t<\/section>\n\t\t\t\t<\/div>","protected":false},"excerpt":{"rendered":"<p>Plan du site D\u00e9couvrez notre plan de site pour naviguer facilement et acc\u00e9der rapidement \u00e0 toutes les sections et informations importantes de notre site. Accueil Boutique Contact Demande de devis D\u00e9pannage Maintenance Service web Formation Blog Mention l\u00e9gales Politiques de cookies Mon compte Qui somme nous ? Nos r\u00e9f\u00e9rences Nos partenaires Conditions G\u00e9n\u00e9rales de Vente&hellip;<\/p>","protected":false},"author":33,"featured_media":0,"parent":574,"menu_order":0,"comment_status":"closed","ping_status":"closed","template":"","meta":{"_monsterinsights_skip_tracking":false,"_monsterinsights_sitenote_active":false,"_monsterinsights_sitenote_note":"","_monsterinsights_sitenote_category":0,"_glsr_average":0,"_glsr_ranking":0,"_glsr_reviews":0,"footnotes":""},"class_list":["post-16427","page","type-page","status-publish","hentry"],"aioseo_notices":[],"yoast_head":"<!-- This site is optimized with the Yoast SEO plugin v27.0 - https:\/\/yoast.com\/product\/yoast-seo-wordpress\/ -->\n<title>Plan du site - Exher<\/title>\n<meta name=\"description\" content=\"Afin de r\u00e9pondre au mieux aux besoins de nos clients, nous travaillons en \u00e9troite collaboration avec nos partenaires de renom.\" \/>\n<meta name=\"robots\" content=\"index, follow, max-snippet:-1, max-image-preview:large, max-video-preview:-1\" \/>\n<link rel=\"canonical\" href=\"https:\/\/www.exher.fr\/en\/societe-exher\/plan-du-site\/\" \/>\n<meta property=\"og:locale\" content=\"en_GB\" \/>\n<meta property=\"og:type\" content=\"article\" \/>\n<meta property=\"og:title\" content=\"Plan du site - Exher\" \/>\n<meta property=\"og:description\" content=\"Afin de r\u00e9pondre au mieux aux besoins de nos clients, nous travaillons en \u00e9troite collaboration avec nos partenaires de renom.\" \/>\n<meta property=\"og:url\" content=\"https:\/\/www.exher.fr\/en\/societe-exher\/plan-du-site\/\" \/>\n<meta property=\"og:site_name\" content=\"Exher\" \/>\n<meta property=\"article:publisher\" content=\"https:\/\/www.facebook.com\/exher\/\" \/>\n<meta property=\"article:modified_time\" content=\"2025-01-24T09:29:51+00:00\" \/>\n<meta name=\"twitter:card\" content=\"summary_large_image\" \/>\n<meta name=\"twitter:site\" content=\"@TwiterExher\" \/>\n<meta name=\"twitter:label1\" content=\"Estimated reading time\" \/>\n\t<meta name=\"twitter:data1\" content=\"1 minute\" \/>\n<script type=\"application\/ld+json\" class=\"yoast-schema-graph\">{\"@context\":\"https:\/\/schema.org\",\"@graph\":[{\"@type\":\"WebPage\",\"@id\":\"https:\/\/www.exher.fr\/societe-exher\/plan-du-site\/\",\"url\":\"https:\/\/www.exher.fr\/societe-exher\/plan-du-site\/\",\"name\":\"Plan du site - Exher\",\"isPartOf\":{\"@id\":\"https:\/\/www.exher.fr\/#website\"},\"datePublished\":\"2025-01-24T08:46:41+00:00\",\"dateModified\":\"2025-01-24T09:29:51+00:00\",\"description\":\"Afin de r\u00e9pondre au mieux aux besoins de nos clients, nous travaillons en \u00e9troite collaboration avec nos partenaires de renom.\",\"breadcrumb\":{\"@id\":\"https:\/\/www.exher.fr\/societe-exher\/plan-du-site\/#breadcrumb\"},\"inLanguage\":\"en-GB\",\"potentialAction\":[{\"@type\":\"ReadAction\",\"target\":[\"https:\/\/www.exher.fr\/societe-exher\/plan-du-site\/\"]}]},{\"@type\":\"BreadcrumbList\",\"@id\":\"https:\/\/www.exher.fr\/societe-exher\/plan-du-site\/#breadcrumb\",\"itemListElement\":[{\"@type\":\"ListItem\",\"position\":1,\"name\":\"Accueil\",\"item\":\"https:\/\/www.exher.fr\/\"},{\"@type\":\"ListItem\",\"position\":2,\"name\":\"Qui sommes-nous ?\",\"item\":\"https:\/\/www.exher.fr\/societe-exher\/\"},{\"@type\":\"ListItem\",\"position\":3,\"name\":\"Plan du site\"}]},{\"@type\":\"WebSite\",\"@id\":\"https:\/\/www.exher.fr\/#website\",\"url\":\"https:\/\/www.exher.fr\/\",\"name\":\"Exher\",\"description\":\"L&#039;informatique sans soucis\",\"publisher\":{\"@id\":\"https:\/\/www.exher.fr\/#organization\"},\"potentialAction\":[{\"@type\":\"SearchAction\",\"target\":{\"@type\":\"EntryPoint\",\"urlTemplate\":\"https:\/\/www.exher.fr\/?s={search_term_string}\"},\"query-input\":{\"@type\":\"PropertyValueSpecification\",\"valueRequired\":true,\"valueName\":\"search_term_string\"}}],\"inLanguage\":\"en-GB\"},{\"@type\":\"Organization\",\"@id\":\"https:\/\/www.exher.fr\/#organization\",\"name\":\"EXHER\",\"url\":\"https:\/\/www.exher.fr\/\",\"logo\":{\"@type\":\"ImageObject\",\"inLanguage\":\"en-GB\",\"@id\":\"https:\/\/www.exher.fr\/#\/schema\/logo\/image\/\",\"url\":\"https:\/\/www.exher.fr\/wp-content\/uploads\/2019\/04\/exher2.png\",\"contentUrl\":\"https:\/\/www.exher.fr\/wp-content\/uploads\/2019\/04\/exher2.png\",\"width\":1772,\"height\":1022,\"caption\":\"EXHER\"},\"image\":{\"@id\":\"https:\/\/www.exher.fr\/#\/schema\/logo\/image\/\"},\"sameAs\":[\"https:\/\/www.facebook.com\/exher\/\",\"https:\/\/x.com\/TwiterExher\",\"https:\/\/www.instagram.com\/exher1\/\",\"https:\/\/www.linkedin.com\/feed\/\"]}]}<\/script>\n<!-- \/ Yoast SEO plugin. -->","yoast_head_json":{"title":"Plan du site - Exher","description":"Afin de r\u00e9pondre au mieux aux besoins de nos clients, nous travaillons en \u00e9troite collaboration avec nos partenaires de renom.","robots":{"index":"index","follow":"follow","max-snippet":"max-snippet:-1","max-image-preview":"max-image-preview:large","max-video-preview":"max-video-preview:-1"},"canonical":"https:\/\/www.exher.fr\/en\/societe-exher\/plan-du-site\/","og_locale":"en_GB","og_type":"article","og_title":"Plan du site - Exher","og_description":"Afin de r\u00e9pondre au mieux aux besoins de nos clients, nous travaillons en \u00e9troite collaboration avec nos partenaires de renom.","og_url":"https:\/\/www.exher.fr\/en\/societe-exher\/plan-du-site\/","og_site_name":"Exher","article_publisher":"https:\/\/www.facebook.com\/exher\/","article_modified_time":"2025-01-24T09:29:51+00:00","twitter_card":"summary_large_image","twitter_site":"@TwiterExher","twitter_misc":{"Estimated reading time":"1 minute"},"schema":{"@context":"https:\/\/schema.org","@graph":[{"@type":"WebPage","@id":"https:\/\/www.exher.fr\/societe-exher\/plan-du-site\/","url":"https:\/\/www.exher.fr\/societe-exher\/plan-du-site\/","name":"Plan du site - Exher","isPartOf":{"@id":"https:\/\/www.exher.fr\/#website"},"datePublished":"2025-01-24T08:46:41+00:00","dateModified":"2025-01-24T09:29:51+00:00","description":"Afin de r\u00e9pondre au mieux aux besoins de nos clients, nous travaillons en \u00e9troite collaboration avec nos partenaires de renom.","breadcrumb":{"@id":"https:\/\/www.exher.fr\/societe-exher\/plan-du-site\/#breadcrumb"},"inLanguage":"en-GB","potentialAction":[{"@type":"ReadAction","target":["https:\/\/www.exher.fr\/societe-exher\/plan-du-site\/"]}]},{"@type":"BreadcrumbList","@id":"https:\/\/www.exher.fr\/societe-exher\/plan-du-site\/#breadcrumb","itemListElement":[{"@type":"ListItem","position":1,"name":"Accueil","item":"https:\/\/www.exher.fr\/"},{"@type":"ListItem","position":2,"name":"Qui sommes-nous ?","item":"https:\/\/www.exher.fr\/societe-exher\/"},{"@type":"ListItem","position":3,"name":"Plan du site"}]},{"@type":"WebSite","@id":"https:\/\/www.exher.fr\/#website","url":"https:\/\/www.exher.fr\/","name":"Exher","description":"IT without worries","publisher":{"@id":"https:\/\/www.exher.fr\/#organization"},"potentialAction":[{"@type":"SearchAction","target":{"@type":"EntryPoint","urlTemplate":"https:\/\/www.exher.fr\/?s={search_term_string}"},"query-input":{"@type":"PropertyValueSpecification","valueRequired":true,"valueName":"search_term_string"}}],"inLanguage":"en-GB"},{"@type":"Organization","@id":"https:\/\/www.exher.fr\/#organization","name":"EXHER","url":"https:\/\/www.exher.fr\/","logo":{"@type":"ImageObject","inLanguage":"en-GB","@id":"https:\/\/www.exher.fr\/#\/schema\/logo\/image\/","url":"https:\/\/www.exher.fr\/wp-content\/uploads\/2019\/04\/exher2.png","contentUrl":"https:\/\/www.exher.fr\/wp-content\/uploads\/2019\/04\/exher2.png","width":1772,"height":1022,"caption":"EXHER"},"image":{"@id":"https:\/\/www.exher.fr\/#\/schema\/logo\/image\/"},"sameAs":["https:\/\/www.facebook.com\/exher\/","https:\/\/x.com\/TwiterExher","https:\/\/www.instagram.com\/exher1\/","https:\/\/www.linkedin.com\/feed\/"]}]}},"_links":{"self":[{"href":"https:\/\/www.exher.fr\/en\/wp-json\/wp\/v2\/pages\/16427","targetHints":{"allow":["GET"]}}],"collection":[{"href":"https:\/\/www.exher.fr\/en\/wp-json\/wp\/v2\/pages"}],"about":[{"href":"https:\/\/www.exher.fr\/en\/wp-json\/wp\/v2\/types\/page"}],"author":[{"embeddable":true,"href":"https:\/\/www.exher.fr\/en\/wp-json\/wp\/v2\/users\/33"}],"replies":[{"embeddable":true,"href":"https:\/\/www.exher.fr\/en\/wp-json\/wp\/v2\/comments?post=16427"}],"version-history":[{"count":9,"href":"https:\/\/www.exher.fr\/en\/wp-json\/wp\/v2\/pages\/16427\/revisions"}],"predecessor-version":[{"id":16439,"href":"https:\/\/www.exher.fr\/en\/wp-json\/wp\/v2\/pages\/16427\/revisions\/16439"}],"up":[{"embeddable":true,"href":"https:\/\/www.exher.fr\/en\/wp-json\/wp\/v2\/pages\/574"}],"wp:attachment":[{"href":"https:\/\/www.exher.fr\/en\/wp-json\/wp\/v2\/media?parent=16427"}],"curies":[{"name":"wp","href":"https:\/\/api.w.org\/{rel}","templated":true}]}}