{"id":4221,"date":"2020-04-08T12:28:49","date_gmt":"2020-04-08T10:28:49","guid":{"rendered":"https:\/\/www.web.exher.fr\/?page_id=4221"},"modified":"2022-01-07T14:16:19","modified_gmt":"2022-01-07T13:16:19","slug":"politique-de-cookies","status":"publish","type":"page","link":"https:\/\/www.exher.fr\/en\/politique-de-cookies\/","title":{"rendered":"Politique de cookies"},"content":{"rendered":"<div data-elementor-type=\"wp-page\" data-elementor-id=\"4221\" class=\"elementor elementor-4221\">\n\t\t\t\t\t\t<section class=\"elementor-section elementor-top-section elementor-element elementor-element-4c00281e elementor-section-boxed elementor-section-height-default elementor-section-height-default\" data-id=\"4c00281e\" data-element_type=\"section\" data-e-type=\"section\">\n\t\t\t\t\t\t<div class=\"elementor-container elementor-column-gap-default\">\n\t\t\t\t\t<div class=\"elementor-column elementor-col-100 elementor-top-column elementor-element elementor-element-5ca5a0d2\" data-id=\"5ca5a0d2\" data-element_type=\"column\" data-e-type=\"column\">\n\t\t\t<div class=\"elementor-widget-wrap elementor-element-populated\">\n\t\t\t\t\t\t<div class=\"elementor-element elementor-element-2bff87a7 elementor-widget elementor-widget-text-editor\" data-id=\"2bff87a7\" data-element_type=\"widget\" data-e-type=\"widget\" data-widget_type=\"text-editor.default\">\n\t\t\t\t<div class=\"elementor-widget-container\">\n\t\t\t\t\t\t\t\t\t<div class=\"cli_pg_page_contaner\"><h3>\u00c0 propos de cette politique de cookies<\/h3><div>Cette politique de cookies explique ce que sont les cookies et comment nous les utilisons. Vous devrez lire cette politique pour comprendre ce que sont les cookies, comment nous les utilisons, les types de cookies que nous utilisons, c\u2019est-\u00e0-dire les informations que nous recueillons \u00e0 l\u2019aide de cookies, comment ces informations sont utilis\u00e9es et comment contr\u00f4ler les pr\u00e9f\u00e9rences en mati\u00e8re de cookies. Pour plus d\u2019informations sur la mani\u00e8re dont nous utilisons, stockons et conservons vos donn\u00e9es personnelles en toute s\u00e9curit\u00e9, consultez notre politique de confidentialit\u00e9. Vous pouvez \u00e0 tout moment modifier ou retirer votre consentement de la d\u00e9claration de cookie figurant sur notre site <a style=\"color: #686868;\" href=\"https:\/\/fr.wikipedia.org\/wiki\/World_Wide_Web#:~:text=Le%20World%20Wide%20Web%20%5B%CB%8C,pages%20accessibles%20sur%20des%20sites.\">Web<\/a>. En savoir plus sur qui nous sommes, comment nous contacter et comment nous traitons les donn\u00e9es personnelles dans notre politique de confidentialit\u00e9. Votre consentement s\u2019applique aux domaines suivants: exher.fr<div class=\"cli_user_consent_state\">Your current state: No consent given. <a class=\"cli_manage_current_consent\" style=\"cursor:pointer;text-decoration:underline;\">Manage your consent.<\/a> <\/div><\/div><h3>Que sont les cookies ?<\/h3><div>Les cookies sont de petits fichiers texte utilis\u00e9s pour stocker de petites informations. Les cookies sont stock\u00e9s sur votre appareil lorsque le site Web est charg\u00e9 sur votre navigateur. Ces cookies nous aident \u00e0 faire fonctionner le site Web correctement, \u00e0 le s\u00e9curiser davantage, \u00e0 offrir une meilleure exp\u00e9rience utilisateur, \u00e0 comprendre le fonctionnement du site Web et \u00e0 analyser ce qui fonctionne et les points \u00e0 am\u00e9liorer.<\/div><h3>Comment utilisons-nous les cookies?<\/h3><div>Comme la plupart des services en ligne, notre site Web utilise des cookies de tiers et de tiers \u00e0 diverses fins. Les cookies de premi\u00e8re partie sont essentiellement n\u00e9cessaires au bon fonctionnement du site Web. Ils ne collectent aucune de vos donn\u00e9es personnellement identifiables.Les cookies tiers utilis\u00e9s sur nos sites Web sont principalement utilis\u00e9s pour comprendre le fonctionnement du site Web, votre interaction avec notre site Web, la s\u00e9curit\u00e9 de nos services, la diffusion d\u2019annonces publicitaires qui vous int\u00e9ressent et le tout pour vous fournir une meilleure exp\u00e9rience utilisateur et aide \u00e0 acc\u00e9l\u00e9rer vos interactions futures avec notre site Web.<\/div><h3>Quels types de cookies utilisons-nous?<\/h3><div>Essentiel: Certains cookies sont essentiels pour que vous puissiez profiter de toutes les fonctionnalit\u00e9s de notre site. Ils nous permettent de maintenir des sessions d\u2019utilisateur et d\u2019emp\u00eacher toute menace \u00e0 la s\u00e9curit\u00e9. Ils ne collectent ni ne stockent aucune information personnelle. Par exemple, ces cookies vous permettent de vous connecter \u00e0 votre compte, d\u2019ajouter des produits \u00e0 votre panier et de passer en toute s\u00e9curit\u00e9.Statistiques: Ces cookies stockent des informations telles que le nombre de visiteurs sur le site Web, le nombre de visiteurs uniques, les pages du site Web consult\u00e9es, la source de la visite, etc. Ces donn\u00e9es nous aident \u00e0 comprendre et \u00e0 analyser le fonctionnement du site Web. o\u00f9 il a besoin d\u2019am\u00e9lioration.Marketing: Notre site Web affiche des publicit\u00e9s. Ces cookies sont utilis\u00e9s pour personnaliser les publicit\u00e9s que nous vous montrons afin qu\u2019elles aient un sens pour vous. Ces cookies nous aident \u00e9galement \u00e0 suivre l\u2019efficacit\u00e9 de ces campagnes publicitaires.Les informations stock\u00e9es dans ces cookies peuvent \u00e9galement \u00eatre utilis\u00e9es par les fournisseurs d\u2019annonces tiers pour vous montrer \u00e9galement des annonces sur d\u2019autres sites Web du navigateur.Fonctionnel: Ce sont les cookies qui aident certaines fonctionnalit\u00e9s non essentielles sur notre site Web. Ces fonctionnalit\u00e9s incluent l\u2019int\u00e9gration de contenus tels que des vid\u00e9os ou le partage de contenus sur le site Web sur des plateformes de m\u00e9dias sociaux.Pr\u00e9f\u00e9rences: Ces cookies nous aident \u00e0 enregistrer vos param\u00e8tres et vos pr\u00e9f\u00e9rences de navigation, comme vos pr\u00e9f\u00e9rences de langue, afin de vous offrir une exp\u00e9rience meilleure et plus efficace lors de vos prochaines visites sur le site.<p>The below list details the cookies used in our website.<\/p><table class=\"cookielawinfo-row-cat-table cookielawinfo-classic\"><thead><tr><th class=\"cookielawinfo-column-1\">Cookie<\/th><th class=\"cookielawinfo-column-4\">Description<\/th><\/tr><\/thead><tbody><tr class=\"cookielawinfo-row\"><td class=\"cookielawinfo-column-1\">_abck<\/td><td class=\"cookielawinfo-column-4\">Utilis\u00e9 pour d\u00e9tecter et d\u00e9fendre contre les attaques par rejeu de cookies &#8211; Le cookie est n\u00e9cessaire pour la s\u00e9curit\u00e9 et l&rsquo;int\u00e9grit\u00e9 du site web.<\/td><\/tr><tr class=\"cookielawinfo-row\"><td class=\"cookielawinfo-column-1\">_AVESTA_ENVIRONMENT<\/td><td class=\"cookielawinfo-column-4\">Le cookie est cr\u00e9\u00e9 lorsque l&rsquo;utilisateur souscrit \u00e0 un service de messagerie \u00e9lectronique de MailChimp.<\/td><\/tr><tr class=\"cookielawinfo-row\"><td class=\"cookielawinfo-column-1\">_ga<\/td><td class=\"cookielawinfo-column-4\">Enregistre un identifiant unique utilis\u00e9 pour g\u00e9n\u00e9rer des donn\u00e9es statistiques sur la fa\u00e7on dont le visiteur utilise le site.<\/td><\/tr><tr class=\"cookielawinfo-row\"><td class=\"cookielawinfo-column-1\">_gat<\/td><td class=\"cookielawinfo-column-4\">Utilis\u00e9 par Google Analytics pour diminuer radicalement le taux de requ\u00eates.<\/td><\/tr><tr class=\"cookielawinfo-row\"><td class=\"cookielawinfo-column-1\">_gid<\/td><td class=\"cookielawinfo-column-4\">Enregistre un identifiant unique utilis\u00e9 pour g\u00e9n\u00e9rer des donn\u00e9es statistiques sur la fa\u00e7on dont le visiteur utilise le site.<\/td><\/tr><tr class=\"cookielawinfo-row\"><td class=\"cookielawinfo-column-1\">ak_bmsc<\/td><td class=\"cookielawinfo-column-4\">Ce cookie est utilis\u00e9 pour distinguer les humains des robots. Ceci est b\u00e9n\u00e9fique pour le site web afin de cr\u00e9er des rapports valides sur l&rsquo;utilisation du leur site.<\/td><\/tr><tr class=\"cookielawinfo-row\"><td class=\"cookielawinfo-column-1\">ali_apache_id<\/td><td class=\"cookielawinfo-column-4\">Non classifi\u00e9<\/td><\/tr><tr class=\"cookielawinfo-row\"><td class=\"cookielawinfo-column-1\">Apache<\/td><td class=\"cookielawinfo-column-4\">Non classifi\u00e9<\/td><\/tr><tr class=\"cookielawinfo-row\"><td class=\"cookielawinfo-column-1\">AWSALB<\/td><td class=\"cookielawinfo-column-4\">Enregistre quel groupe de serveurs sert le visiteur. Ceci est utilis\u00e9 dans le contexte de l&rsquo;\u00e9quilibrage de charge afin d&rsquo;optimiser l&rsquo;exp\u00e9rience utilisateur.<\/td><\/tr><tr class=\"cookielawinfo-row\"><td class=\"cookielawinfo-column-1\">AWSALBCORS<\/td><td class=\"cookielawinfo-column-4\">Enregistre quel groupe de serveurs sert le visiteur. Ceci est utilis\u00e9 dans le contexte de l&rsquo;\u00e9quilibrage de charge afin d&rsquo;optimiser l&rsquo;exp\u00e9rience utilisateur.<\/td><\/tr><tr class=\"cookielawinfo-row\"><td class=\"cookielawinfo-column-1\">bm_sv<\/td><td class=\"cookielawinfo-column-4\">Utilis\u00e9 dans le cadre du BotManager du site web. Ceci d\u00e9tecte, cat\u00e9gorise et compile des rapports sur les bots potentiels essayant d&rsquo;acc\u00e9der au site web pour l&rsquo;op\u00e9rateur du site web.<\/td><\/tr><tr class=\"cookielawinfo-row\"><td class=\"cookielawinfo-column-1\">bm_sz<\/td><td class=\"cookielawinfo-column-4\">Utilis\u00e9 dans le cadre du BotManager du site web. Ceci d\u00e9tecte, cat\u00e9gorise et compile des rapports sur les bots potentiels essayant d&rsquo;acc\u00e9der au site web pour l&rsquo;op\u00e9rateur du site web.<\/td><\/tr><tr class=\"cookielawinfo-row\"><td class=\"cookielawinfo-column-1\">CookieConsent<\/td><td class=\"cookielawinfo-column-4\">Stocke l&rsquo;autorisation d&rsquo;utilisation de cookies pour le domaine actuel par l&rsquo;utilisateur.<\/td><\/tr><tr class=\"cookielawinfo-row\"><td class=\"cookielawinfo-column-1\">cookielawinfo-checkbox-necessary<\/td><td class=\"cookielawinfo-column-4\">D\u00e9termine si l&rsquo;internaute a accept\u00e9 la bo\u00eete de consentement du cookie.<\/td><\/tr><tr class=\"cookielawinfo-row\"><td class=\"cookielawinfo-column-1\">cookielawinfo-checkbox-non-necessary<\/td><td class=\"cookielawinfo-column-4\">D\u00e9termine si l&rsquo;internaute a accept\u00e9 la bo\u00eete de consentement du cookie.<\/td><\/tr><tr class=\"cookielawinfo-row\"><td class=\"cookielawinfo-column-1\">country<\/td><td class=\"cookielawinfo-column-4\">Le cookie d\u00e9termine la langue pr\u00e9f\u00e9r\u00e9e et le pays du visiteur &#8211; Cela permet au site Web d&rsquo;afficher le contenu le plus pertinent pour cette r\u00e9gion et cette langue.<\/td><\/tr><tr class=\"cookielawinfo-row\"><td class=\"cookielawinfo-column-1\">customerly_jwt<\/td><td class=\"cookielawinfo-column-4\">Enregistre un identifiant unique qui reconna\u00eet l&rsquo;appareil de l&rsquo;utilisateur au cours des visites r\u00e9currentes de sites web utilisant le m\u00eame r\u00e9seau de publicit\u00e9. L&rsquo;identifiant est utilis\u00e9 pour permettre des annonces cibl\u00e9es.<\/td><\/tr><tr class=\"cookielawinfo-row\"><td class=\"cookielawinfo-column-1\">customerly_welcome_message_visitors_seen<\/td><td class=\"cookielawinfo-column-4\">Non classifi\u00e9<\/td><\/tr><tr class=\"cookielawinfo-row\"><td class=\"cookielawinfo-column-1\">d_id<\/td><td class=\"cookielawinfo-column-4\">Non classifi\u00e9<\/td><\/tr><tr class=\"cookielawinfo-row\"><td class=\"cookielawinfo-column-1\">NSC_#<\/td><td class=\"cookielawinfo-column-4\">Utilis\u00e9 pour distribuer le trafic du site web sur plusieurs serveurs afin d&rsquo;optimiser les temps de r\u00e9ponse.<\/td><\/tr><tr class=\"cookielawinfo-row\"><td class=\"cookielawinfo-column-1\">r\/collect<\/td><td class=\"cookielawinfo-column-4\">Ce cookie est utilis\u00e9 pour envoyer des donn\u00e9es \u00e0 Google Analytics sur l&rsquo;appareil et le comportement du visiteur. Il piste le visiteur \u00e0 travers diff\u00e9rents appareils et canaux marketing.<\/td><\/tr><tr class=\"cookielawinfo-row\"><td class=\"cookielawinfo-column-1\">rc::a<\/td><td class=\"cookielawinfo-column-4\">Ce cookie est utilis\u00e9 pour distinguer les humains des robots. Ceci est b\u00e9n\u00e9fique pour le site web afin de cr\u00e9er des rapports valides sur l&rsquo;utilisation du leur site<\/td><\/tr><tr class=\"cookielawinfo-row\"><td class=\"cookielawinfo-column-1\">rc::c<\/td><td class=\"cookielawinfo-column-4\">Ce cookie est utilis\u00e9 pour distinguer les humains des robots.<\/td><\/tr><tr class=\"cookielawinfo-row\"><td class=\"cookielawinfo-column-1\">SERVERID#<\/td><td class=\"cookielawinfo-column-4\">Non classifi\u00e9<\/td><\/tr><tr class=\"cookielawinfo-row\"><td class=\"cookielawinfo-column-1\">sid<\/td><td class=\"cookielawinfo-column-4\">Conserve la configuration des param\u00e8tres des utilisateurs \u00e0 travers les demandes de page.<\/td><\/tr><tr class=\"cookielawinfo-row\"><td class=\"cookielawinfo-column-1\">TS#<\/td><td class=\"cookielawinfo-column-4\">Non classifi\u00e9<\/td><\/tr><tr class=\"cookielawinfo-row\"><td class=\"cookielawinfo-column-1\">uid<\/td><td class=\"cookielawinfo-column-4\">Identifiant unique de l&rsquo;utilisateur permettant de le reconna\u00eetre aux visites suivantes.<\/td><\/tr><tr class=\"cookielawinfo-row\"><td class=\"cookielawinfo-column-1\">wc_cart_hash_#<\/td><td class=\"cookielawinfo-column-4\">Non classifi\u00e9<\/td><\/tr><tr class=\"cookielawinfo-row\"><td class=\"cookielawinfo-column-1\">wc_fragments_#<\/td><td class=\"cookielawinfo-column-4\">Non classifi\u00e9<\/td><\/tr><tr class=\"cookielawinfo-row\"><td class=\"cookielawinfo-column-1\">zy_did<\/td><td class=\"cookielawinfo-column-4\">Non classifi\u00e9<\/td><\/tr><\/tbody><\/table><\/div><h3>Comment puis-je contr\u00f4ler les pr\u00e9f\u00e9rences de cookie?<\/h3><div>Si vous d\u00e9cidez de modifier vos pr\u00e9f\u00e9rences ult\u00e9rieurement au cours de votre session de navigation, vous pouvez cliquer sur l\u2019onglet \u201cPolitique de confidentialit\u00e9 et cookies\u201d de votre \u00e9cran. Cela affichera \u00e0 nouveau l\u2019avis de consentement, ce qui vous permettra de modifier vos pr\u00e9f\u00e9rences ou de retirer votre consentement compl\u00e8tement.En outre, diff\u00e9rents navigateurs proposent diff\u00e9rentes m\u00e9thodes pour bloquer et supprimer les cookies utilis\u00e9s par les sites Web. Vous pouvez modifier les param\u00e8tres de votre navigateur pour bloquer \/ supprimer les cookies. Pour en savoir plus sur la gestion et la suppression des cookies, visitez le site wikipedia.org, www.allaboutcookies.org.<\/div><\/div>\t\t\t\t\t\t\t\t<\/div>\n\t\t\t\t<\/div>\n\t\t\t\t\t<\/div>\n\t\t<\/div>\n\t\t\t\t\t<\/div>\n\t\t<\/section>\n\t\t\t\t<\/div>","protected":false},"excerpt":{"rendered":"<p>\u00c0 propos de cette politique de cookies Cette politique de cookies explique ce que sont les cookies et comment nous les utilisons. Vous devrez lire cette politique pour comprendre ce que sont les cookies, comment nous les utilisons, les types de cookies que nous utilisons, c\u2019est-\u00e0-dire les informations que nous recueillons \u00e0 l\u2019aide de cookies,&hellip;<\/p>","protected":false},"author":2,"featured_media":0,"parent":0,"menu_order":0,"comment_status":"closed","ping_status":"closed","template":"","meta":{"_monsterinsights_skip_tracking":false,"_monsterinsights_sitenote_active":false,"_monsterinsights_sitenote_note":"","_monsterinsights_sitenote_category":0,"_glsr_average":0,"_glsr_ranking":0,"_glsr_reviews":0,"footnotes":""},"class_list":["post-4221","page","type-page","status-publish","hentry"],"aioseo_notices":[],"yoast_head":"<!-- This site is optimized with the Yoast SEO plugin v27.0 - https:\/\/yoast.com\/product\/yoast-seo-wordpress\/ -->\n<title>Politique de cookies - Exher L&#039;informatique sans soucis<\/title>\n<meta name=\"description\" content=\"Nous utilisons les cookies afin de fournir les services et fonctionnalit\u00e9s propos\u00e9s sur notre site et afin d\u2019am\u00e9liorer l\u2019exp\u00e9rience de nos utilisateurs.\" \/>\n<meta name=\"robots\" content=\"index, follow, max-snippet:-1, max-image-preview:large, max-video-preview:-1\" \/>\n<link rel=\"canonical\" href=\"https:\/\/www.exher.fr\/en\/politique-de-cookies\/\" \/>\n<meta property=\"og:locale\" content=\"en_GB\" \/>\n<meta property=\"og:type\" content=\"article\" \/>\n<meta property=\"og:title\" content=\"Politique de cookies - Exher L&#039;informatique sans soucis\" \/>\n<meta property=\"og:description\" content=\"Nous utilisons les cookies afin de fournir les services et fonctionnalit\u00e9s propos\u00e9s sur notre site et afin d\u2019am\u00e9liorer l\u2019exp\u00e9rience de nos utilisateurs.\" \/>\n<meta property=\"og:url\" content=\"https:\/\/www.exher.fr\/en\/politique-de-cookies\/\" \/>\n<meta property=\"og:site_name\" content=\"Exher\" \/>\n<meta property=\"article:publisher\" content=\"https:\/\/www.facebook.com\/exher\/\" \/>\n<meta property=\"article:modified_time\" content=\"2022-01-07T13:16:19+00:00\" \/>\n<meta name=\"twitter:card\" content=\"summary_large_image\" \/>\n<meta name=\"twitter:site\" content=\"@TwiterExher\" \/>\n<meta name=\"twitter:label1\" content=\"Estimated reading time\" \/>\n\t<meta name=\"twitter:data1\" content=\"4 minutes\" \/>\n<script type=\"application\/ld+json\" class=\"yoast-schema-graph\">{\"@context\":\"https:\/\/schema.org\",\"@graph\":[{\"@type\":\"WebPage\",\"@id\":\"https:\/\/www.exher.fr\/politique-de-cookies\/\",\"url\":\"https:\/\/www.exher.fr\/politique-de-cookies\/\",\"name\":\"Politique de cookies - Exher L&#039;informatique sans soucis\",\"isPartOf\":{\"@id\":\"https:\/\/www.exher.fr\/#website\"},\"datePublished\":\"2020-04-08T10:28:49+00:00\",\"dateModified\":\"2022-01-07T13:16:19+00:00\",\"description\":\"Nous utilisons les cookies afin de fournir les services et fonctionnalit\u00e9s propos\u00e9s sur notre site et afin d\u2019am\u00e9liorer l\u2019exp\u00e9rience de nos utilisateurs.\",\"breadcrumb\":{\"@id\":\"https:\/\/www.exher.fr\/politique-de-cookies\/#breadcrumb\"},\"inLanguage\":\"en-GB\",\"potentialAction\":[{\"@type\":\"ReadAction\",\"target\":[\"https:\/\/www.exher.fr\/politique-de-cookies\/\"]}]},{\"@type\":\"BreadcrumbList\",\"@id\":\"https:\/\/www.exher.fr\/politique-de-cookies\/#breadcrumb\",\"itemListElement\":[{\"@type\":\"ListItem\",\"position\":1,\"name\":\"Accueil\",\"item\":\"https:\/\/www.exher.fr\/\"},{\"@type\":\"ListItem\",\"position\":2,\"name\":\"Politique de cookies\"}]},{\"@type\":\"WebSite\",\"@id\":\"https:\/\/www.exher.fr\/#website\",\"url\":\"https:\/\/www.exher.fr\/\",\"name\":\"Exher\",\"description\":\"L&#039;informatique sans soucis\",\"publisher\":{\"@id\":\"https:\/\/www.exher.fr\/#organization\"},\"potentialAction\":[{\"@type\":\"SearchAction\",\"target\":{\"@type\":\"EntryPoint\",\"urlTemplate\":\"https:\/\/www.exher.fr\/?s={search_term_string}\"},\"query-input\":{\"@type\":\"PropertyValueSpecification\",\"valueRequired\":true,\"valueName\":\"search_term_string\"}}],\"inLanguage\":\"en-GB\"},{\"@type\":\"Organization\",\"@id\":\"https:\/\/www.exher.fr\/#organization\",\"name\":\"EXHER\",\"url\":\"https:\/\/www.exher.fr\/\",\"logo\":{\"@type\":\"ImageObject\",\"inLanguage\":\"en-GB\",\"@id\":\"https:\/\/www.exher.fr\/#\/schema\/logo\/image\/\",\"url\":\"https:\/\/www.exher.fr\/wp-content\/uploads\/2019\/04\/exher2.png\",\"contentUrl\":\"https:\/\/www.exher.fr\/wp-content\/uploads\/2019\/04\/exher2.png\",\"width\":1772,\"height\":1022,\"caption\":\"EXHER\"},\"image\":{\"@id\":\"https:\/\/www.exher.fr\/#\/schema\/logo\/image\/\"},\"sameAs\":[\"https:\/\/www.facebook.com\/exher\/\",\"https:\/\/x.com\/TwiterExher\",\"https:\/\/www.instagram.com\/exher1\/\",\"https:\/\/www.linkedin.com\/feed\/\"]}]}<\/script>\n<!-- \/ Yoast SEO plugin. -->","yoast_head_json":{"title":"Politique de cookies - Exher L&#039;informatique sans soucis","description":"Nous utilisons les cookies afin de fournir les services et fonctionnalit\u00e9s propos\u00e9s sur notre site et afin d\u2019am\u00e9liorer l\u2019exp\u00e9rience de nos utilisateurs.","robots":{"index":"index","follow":"follow","max-snippet":"max-snippet:-1","max-image-preview":"max-image-preview:large","max-video-preview":"max-video-preview:-1"},"canonical":"https:\/\/www.exher.fr\/en\/politique-de-cookies\/","og_locale":"en_GB","og_type":"article","og_title":"Politique de cookies - Exher L&#039;informatique sans soucis","og_description":"Nous utilisons les cookies afin de fournir les services et fonctionnalit\u00e9s propos\u00e9s sur notre site et afin d\u2019am\u00e9liorer l\u2019exp\u00e9rience de nos utilisateurs.","og_url":"https:\/\/www.exher.fr\/en\/politique-de-cookies\/","og_site_name":"Exher","article_publisher":"https:\/\/www.facebook.com\/exher\/","article_modified_time":"2022-01-07T13:16:19+00:00","twitter_card":"summary_large_image","twitter_site":"@TwiterExher","twitter_misc":{"Estimated reading time":"4 minutes"},"schema":{"@context":"https:\/\/schema.org","@graph":[{"@type":"WebPage","@id":"https:\/\/www.exher.fr\/politique-de-cookies\/","url":"https:\/\/www.exher.fr\/politique-de-cookies\/","name":"Politique de cookies - Exher L&#039;informatique sans soucis","isPartOf":{"@id":"https:\/\/www.exher.fr\/#website"},"datePublished":"2020-04-08T10:28:49+00:00","dateModified":"2022-01-07T13:16:19+00:00","description":"Nous utilisons les cookies afin de fournir les services et fonctionnalit\u00e9s propos\u00e9s sur notre site et afin d\u2019am\u00e9liorer l\u2019exp\u00e9rience de nos utilisateurs.","breadcrumb":{"@id":"https:\/\/www.exher.fr\/politique-de-cookies\/#breadcrumb"},"inLanguage":"en-GB","potentialAction":[{"@type":"ReadAction","target":["https:\/\/www.exher.fr\/politique-de-cookies\/"]}]},{"@type":"BreadcrumbList","@id":"https:\/\/www.exher.fr\/politique-de-cookies\/#breadcrumb","itemListElement":[{"@type":"ListItem","position":1,"name":"Accueil","item":"https:\/\/www.exher.fr\/"},{"@type":"ListItem","position":2,"name":"Politique de cookies"}]},{"@type":"WebSite","@id":"https:\/\/www.exher.fr\/#website","url":"https:\/\/www.exher.fr\/","name":"Exher","description":"IT without worries","publisher":{"@id":"https:\/\/www.exher.fr\/#organization"},"potentialAction":[{"@type":"SearchAction","target":{"@type":"EntryPoint","urlTemplate":"https:\/\/www.exher.fr\/?s={search_term_string}"},"query-input":{"@type":"PropertyValueSpecification","valueRequired":true,"valueName":"search_term_string"}}],"inLanguage":"en-GB"},{"@type":"Organization","@id":"https:\/\/www.exher.fr\/#organization","name":"EXHER","url":"https:\/\/www.exher.fr\/","logo":{"@type":"ImageObject","inLanguage":"en-GB","@id":"https:\/\/www.exher.fr\/#\/schema\/logo\/image\/","url":"https:\/\/www.exher.fr\/wp-content\/uploads\/2019\/04\/exher2.png","contentUrl":"https:\/\/www.exher.fr\/wp-content\/uploads\/2019\/04\/exher2.png","width":1772,"height":1022,"caption":"EXHER"},"image":{"@id":"https:\/\/www.exher.fr\/#\/schema\/logo\/image\/"},"sameAs":["https:\/\/www.facebook.com\/exher\/","https:\/\/x.com\/TwiterExher","https:\/\/www.instagram.com\/exher1\/","https:\/\/www.linkedin.com\/feed\/"]}]}},"_links":{"self":[{"href":"https:\/\/www.exher.fr\/en\/wp-json\/wp\/v2\/pages\/4221","targetHints":{"allow":["GET"]}}],"collection":[{"href":"https:\/\/www.exher.fr\/en\/wp-json\/wp\/v2\/pages"}],"about":[{"href":"https:\/\/www.exher.fr\/en\/wp-json\/wp\/v2\/types\/page"}],"author":[{"embeddable":true,"href":"https:\/\/www.exher.fr\/en\/wp-json\/wp\/v2\/users\/2"}],"replies":[{"embeddable":true,"href":"https:\/\/www.exher.fr\/en\/wp-json\/wp\/v2\/comments?post=4221"}],"version-history":[{"count":16,"href":"https:\/\/www.exher.fr\/en\/wp-json\/wp\/v2\/pages\/4221\/revisions"}],"predecessor-version":[{"id":13859,"href":"https:\/\/www.exher.fr\/en\/wp-json\/wp\/v2\/pages\/4221\/revisions\/13859"}],"wp:attachment":[{"href":"https:\/\/www.exher.fr\/en\/wp-json\/wp\/v2\/media?parent=4221"}],"curies":[{"name":"wp","href":"https:\/\/api.w.org\/{rel}","templated":true}]}}