{"id":6772,"date":"2020-05-20T14:16:38","date_gmt":"2020-05-20T12:16:38","guid":{"rendered":"https:\/\/www.web.exher.fr\/?page_id=6772"},"modified":"2022-09-09T09:38:11","modified_gmt":"2022-09-09T07:38:11","slug":"faq-foire-aux-questions","status":"publish","type":"page","link":"https:\/\/www.exher.fr\/en\/faq-foire-aux-questions\/","title":{"rendered":"FAQ"},"content":{"rendered":"<div data-elementor-type=\"wp-page\" data-elementor-id=\"6772\" class=\"elementor elementor-6772\">\n\t\t\t\t\t\t<section class=\"elementor-section elementor-top-section elementor-element elementor-element-2f6c9ded elementor-section-height-min-height elementor-section-boxed elementor-section-height-default elementor-section-items-middle\" data-id=\"2f6c9ded\" data-element_type=\"section\" data-e-type=\"section\" data-settings=\"{&quot;background_background&quot;:&quot;classic&quot;}\">\n\t\t\t\t\t\t\t<div class=\"elementor-background-overlay\"><\/div>\n\t\t\t\t\t\t\t<div class=\"elementor-container elementor-column-gap-default\">\n\t\t\t\t\t<div class=\"elementor-column elementor-col-100 elementor-top-column elementor-element elementor-element-68a0ed42\" data-id=\"68a0ed42\" data-element_type=\"column\" data-e-type=\"column\">\n\t\t\t<div class=\"elementor-widget-wrap elementor-element-populated\">\n\t\t\t\t\t\t<section class=\"elementor-section elementor-inner-section elementor-element elementor-element-6261700c elementor-section-boxed elementor-section-height-default elementor-section-height-default\" data-id=\"6261700c\" data-element_type=\"section\" data-e-type=\"section\">\n\t\t\t\t\t\t<div class=\"elementor-container elementor-column-gap-default\">\n\t\t\t\t\t<div class=\"elementor-column elementor-col-100 elementor-inner-column elementor-element elementor-element-5e3db14a\" data-id=\"5e3db14a\" data-element_type=\"column\" data-e-type=\"column\">\n\t\t\t<div class=\"elementor-widget-wrap elementor-element-populated\">\n\t\t\t\t\t\t<div class=\"elementor-element elementor-element-613bea3b elementor-widget elementor-widget-heading\" data-id=\"613bea3b\" data-element_type=\"widget\" data-e-type=\"widget\" data-widget_type=\"heading.default\">\n\t\t\t\t<div class=\"elementor-widget-container\">\n\t\t\t\t\t<h2 class=\"elementor-heading-title elementor-size-default\">FAQ\n\n\u00a0<\/h2>\t\t\t\t<\/div>\n\t\t\t\t<\/div>\n\t\t\t\t<div class=\"elementor-element elementor-element-2a1dba6c elementor-widget-divider--view-line elementor-widget elementor-widget-divider\" data-id=\"2a1dba6c\" data-element_type=\"widget\" data-e-type=\"widget\" data-widget_type=\"divider.default\">\n\t\t\t\t<div class=\"elementor-widget-container\">\n\t\t\t\t\t\t\t<div class=\"elementor-divider\">\n\t\t\t<span class=\"elementor-divider-separator\">\n\t\t\t\t\t\t<\/span>\n\t\t<\/div>\n\t\t\t\t\t\t<\/div>\n\t\t\t\t<\/div>\n\t\t\t\t\t<\/div>\n\t\t<\/div>\n\t\t\t\t\t<\/div>\n\t\t<\/section>\n\t\t\t\t\t<\/div>\n\t\t<\/div>\n\t\t\t\t\t<\/div>\n\t\t<\/section>\n\t\t\t\t<section class=\"elementor-section elementor-top-section elementor-element elementor-element-b8c61d3 elementor-section-boxed elementor-section-height-default elementor-section-height-default\" data-id=\"b8c61d3\" data-element_type=\"section\" data-e-type=\"section\">\n\t\t\t\t\t\t<div class=\"elementor-container elementor-column-gap-default\">\n\t\t\t\t\t<div class=\"elementor-column elementor-col-100 elementor-top-column elementor-element elementor-element-eacf8c8\" data-id=\"eacf8c8\" data-element_type=\"column\" data-e-type=\"column\">\n\t\t\t<div class=\"elementor-widget-wrap elementor-element-populated\">\n\t\t\t\t\t\t<div class=\"elementor-element elementor-element-f8e1434 elementor-widget elementor-widget-text-editor\" data-id=\"f8e1434\" data-element_type=\"widget\" data-e-type=\"widget\" data-widget_type=\"text-editor.default\">\n\t\t\t\t<div class=\"elementor-widget-container\">\n\t\t\t\t\t\t\t\t\t<p><strong>FOIRE AUX QUESTIONS : ci dessous les r\u00e9ponses aux questions les plus r\u00e9pandus.<\/strong><\/p><p><strong><a style=\"color: #686868;\" href=\"https:\/\/www.exher.fr\/en\/\">EXHER<\/a> <a style=\"color: #686868;\" href=\"https:\/\/fr.wikipedia.org\/wiki\/Informatique\">L&rsquo;INFORMATIQUE<\/a> SANS SOUCIS.<\/strong><\/p>\t\t\t\t\t\t\t\t<\/div>\n\t\t\t\t<\/div>\n\t\t\t\t<div class=\"elementor-element elementor-element-8bf3b2e elementor-widget elementor-widget-shortcode\" data-id=\"8bf3b2e\" data-element_type=\"widget\" data-e-type=\"widget\" data-widget_type=\"shortcode.default\">\n\t\t\t\t<div class=\"elementor-widget-container\">\n\t\t\t\t\t\t\t<div class=\"elementor-shortcode\">            <div class=\"qae-faqs-container qae-faqs-toggle-container\">\n\t\t\t\t\t\t<div id=\"qaef-7376\" class=\"qe-faq-toggle\">\n\t\t\t<div class=\"qe-toggle-title\">\n\t\t\t\t<h4>\n\t\t\t\t\t<i class=\"fa fa-minus-circle\"><\/i> Comment fonctionne l\u2019entreprise lors de la r\u00e9ception d\u2019un mat\u00e9riel d\u00e9fectueux ?\t\t\t\t<\/h4>\n\t\t\t<\/div>\n\t\t\t<div class=\"qe-toggle-content\">\n\t\t\t\t\n<p>Lors de la r\u00e9ception de votre mat\u00e9riel :<\/p>\n\n\n\n<ul class=\"wp-block-list\"><li>Nous le d\u00e9sinfectons en premier lieu<\/li><li>Ensuite nous faisons les tests principaux selon une proc\u00e9dure bien pr\u00e9cise afin d&rsquo;\u00e9tablir un diagnostic<\/li><li>Selon les r\u00e9sultats des tests, nous \u00e9tablissons un diagnostic<\/li><li>Nous vous contactons afin de vous informer sur l&rsquo;avancement du diagnostic afin d&rsquo;obtenir votre accord avant toute r\u00e9paration<\/li><li>Nous confirmons ensembles votre devis pour la r\u00e9paration<\/li><li>Nous commandons les pi\u00e8ces si elles ne sont pas disponibles dans nos locaux et nous effectuons la r\u00e9paration dans des d\u00e9lais raisonnables.<\/li><li>Lorsque la r\u00e9paration est effectu\u00e9e, nous vous contactons afin de vous pr\u00e9venir que votre mat\u00e9riel est pr\u00eat pour la r\u00e9cup\u00e9ration<\/li><\/ul>\n\t\t\t<\/div>\n\t\t<\/div>\n\t\t\t\t<div id=\"qaef-7375\" class=\"qe-faq-toggle\">\n\t\t\t<div class=\"qe-toggle-title\">\n\t\t\t\t<h4>\n\t\t\t\t\t<i class=\"fa fa-minus-circle\"><\/i> La cr\u00e9ation de site prend combien de temps en g\u00e9n\u00e9ral ?\t\t\t\t<\/h4>\n\t\t\t<\/div>\n\t\t\t<div class=\"qe-toggle-content\">\n\t\t\t\t\n<p>Cela d\u00e9pend g\u00e9n\u00e9ralement du type de site que vous souhaitez et de son contenu. Par exemple pour un site vitrine, il faut compter en moyenne 2 semaines au minimum, de l&rsquo;\u00e9tablissement du cahier des charges jusqu&rsquo;\u00e0 la mise en ligne du site. Pour un site d&rsquo;e-commerce, il faut compter 1 \u00e0 3 mois.<\/p>\n\n\n\n<p>Les d\u00e9lais varient toujours. Il faut souvent revenir sur certains points \u00e0 am\u00e9liorer, ajouter des images, du texte, changer le design et cela peut \u00eatre plus oui moins long selon le client et ce dont il a besoin sur son site.<\/p>\n\t\t\t<\/div>\n\t\t<\/div>\n\t\t\t\t<div id=\"qaef-7374\" class=\"qe-faq-toggle\">\n\t\t\t<div class=\"qe-toggle-title\">\n\t\t\t\t<h4>\n\t\t\t\t\t<i class=\"fa fa-minus-circle\"><\/i> Est-ce que vous rachetez du mat\u00e9riel non utilis\u00e9 ou en \u00e9tat normal d&rsquo;usure ?\t\t\t\t<\/h4>\n\t\t\t<\/div>\n\t\t\t<div class=\"qe-toggle-content\">\n\t\t\t\t\n<p>Cela d\u00e9pend du mat\u00e9riel en question. Nous reprenons certains \u00e9crans, et composantes informatique comme disques durs, barrettes de m\u00e9moire RAM, cartes m\u00e8res etc, selon votre tarif, mais cela d\u00e9pend surtout de l&rsquo;\u00e9tat et de l&rsquo;anciennet\u00e9 de vos produits.<\/p>\n\t\t\t<\/div>\n\t\t<\/div>\n\t\t\t\t<div id=\"qaef-7373\" class=\"qe-faq-toggle\">\n\t\t\t<div class=\"qe-toggle-title\">\n\t\t\t\t<h4>\n\t\t\t\t\t<i class=\"fa fa-minus-circle\"><\/i> Les demandes de devis sont trait\u00e9es en combien de jour ?\t\t\t\t<\/h4>\n\t\t\t<\/div>\n\t\t\t<div class=\"qe-toggle-content\">\n\t\t\t\t\n<p>Cela d\u00e9pend de la demande en question. En g\u00e9n\u00e9ral, pour un devis de d\u00e9pannage de PC, Mac, Mobile, tablette, ou tout autre mat\u00e9riel informatique, les d\u00e9lais varient entre 24 et 72H. Pour un devis de cr\u00e9ation de site web, en fonction de la demande, nous \u00e9tablissons un devis sous 48H. Nous adaptons en g\u00e9n\u00e9ral le temps de r\u00e9ponse en fonction de vos disponibilit\u00e9s et de vos besoins.<\/p>\n\t\t\t<\/div>\n\t\t<\/div>\n\t\t\t\t<div id=\"qaef-6775\" class=\"qe-faq-toggle faq\">\n\t\t\t<div class=\"qe-toggle-title\">\n\t\t\t\t<h4>\n\t\t\t\t\t<i class=\"fa fa-minus-circle\"><\/i> Pourquoi faire appel \u00e0 une soci\u00e9t\u00e9 de d\u00e9pannage informatique alors que mon mat\u00e9riel est encore sous garantie par le constructeur ?\t\t\t\t<\/h4>\n\t\t\t<\/div>\n\t\t\t<div class=\"qe-toggle-content\">\n\t\t\t\t\n<p>Lorsque vous d\u00e9clenchez un incident avec votre garantie, le service apr\u00e8s vente de votre mat\u00e9riel vous demande la plupart du temps \u00e9norm\u00e9ment de renseignements avant de prendre en charge votre mat\u00e9riel, ils refusent d&rsquo;ailleurs souvent la prise en charge pour des raisons qui restent parfois injustes, de plus il n&rsquo;est pas garanti que vous r\u00e9cup\u00e9riez votre mat\u00e9riel dans des d\u00e9lais raisonnables et la conservation de vos donn\u00e9es personnelles n&rsquo;est pas tr\u00e8s souvent  garantie par le constructeur.<\/p>\n\n\n\n<p>En faisant appel \u00e0 nos services, vous retrouvez rapidement un ordinateur en \u00e9tat de fonctionnement et nous r\u00e9cup\u00e9rons vos donn\u00e9es pour que vous puissiez continuer vos activit\u00e9s sans perte de temps.<\/p>\n\t\t\t<\/div>\n\t\t<\/div>\n\t\t\t\t<div id=\"qaef-6760\" class=\"qe-faq-toggle faq\">\n\t\t\t<div class=\"qe-toggle-title\">\n\t\t\t\t<h4>\n\t\t\t\t\t<i class=\"fa fa-minus-circle\"><\/i> Votre r\u00e9ponse ne se trouve pas dans cette page ?\t\t\t\t<\/h4>\n\t\t\t<\/div>\n\t\t\t<div class=\"qe-toggle-content\">\n\t\t\t\t<p>Contactez-nous par mail sur\u00a0<strong><a href=\"mailto:contact@exher.fr\">contact@exher.fr<\/a><\/strong>\u00a0ou par t\u00e9l\u00e9phone au\u00a0<strong>09 52 86 09 09.\u00a0<\/strong>Ensemble, nous trouverons une solution \u00e0 vos questions.<\/p>\n\t\t\t<\/div>\n\t\t<\/div>\n\t\t\t\t<div id=\"qaef-6758\" class=\"qe-faq-toggle faq\">\n\t\t\t<div class=\"qe-toggle-title\">\n\t\t\t\t<h4>\n\t\t\t\t\t<i class=\"fa fa-minus-circle\"><\/i> Je suis un particulier \u2026 Puis-je b\u00e9n\u00e9ficier de vos services ?\t\t\t\t<\/h4>\n\t\t\t<\/div>\n\t\t\t<div class=\"qe-toggle-content\">\n\t\t\t\t<p>Oui, puisqu\u2019<strong>EXHER\u00a0s\u2019adresse aux entreprises, aux associations mais aussi aux particuliers.<\/strong><\/p>\n\t\t\t<\/div>\n\t\t<\/div>\n\t\t\t\t<div id=\"qaef-6756\" class=\"qe-faq-toggle faq\">\n\t\t\t<div class=\"qe-toggle-title\">\n\t\t\t\t<h4>\n\t\t\t\t\t<i class=\"fa fa-minus-circle\"><\/i> Combien de temps dois-je attendre entre mon appel et votre intervention ?\t\t\t\t<\/h4>\n\t\t\t<\/div>\n\t\t\t<div class=\"qe-toggle-content\">\n\t\t\t\t<p><strong>Nous intervenons rapidement, dans l\u2019heure qui suit l\u2019appel<\/strong>.<br \/>\nCependant, suivant votre localisation, le d\u00e9lai de l\u2019intervention peut-\u00eatre plus ou moins court allant jusqu&rsquo;\u00e0 48h.<\/p>\n\t\t\t<\/div>\n\t\t<\/div>\n\t\t\t\t<div id=\"qaef-6754\" class=\"qe-faq-toggle faq\">\n\t\t\t<div class=\"qe-toggle-title\">\n\t\t\t\t<h4>\n\t\t\t\t\t<i class=\"fa fa-minus-circle\"><\/i> Puis-je commander une pi\u00e8ce unique pour mon ordinateur ?\t\t\t\t<\/h4>\n\t\t\t<\/div>\n\t\t\t<div class=\"qe-toggle-content\">\n\t\t\t\t<p>Vous pouvez commander une pi\u00e8ce unique (carte graphique, barrette m\u00e9moire RAM, disque dur, ventilateur, \u00e9cran \u2026) lors d\u2019une panne. Nous sommes en mesure de vous faire une proposition optimale pour vos commandes.<\/p>\n\t\t\t<\/div>\n\t\t<\/div>\n\t\t\t\t<div id=\"qaef-6751\" class=\"qe-faq-toggle faq\">\n\t\t\t<div class=\"qe-toggle-title\">\n\t\t\t\t<h4>\n\t\t\t\t\t<i class=\"fa fa-minus-circle\"><\/i> Puis-je apporter mon ordinateur directement \u00e0 l\u2019agence ?\t\t\t\t<\/h4>\n\t\t\t<\/div>\n\t\t\t<div class=\"qe-toggle-content\">\n\t\t\t\t<p>Oui, vous pouvez apporter directement votre ordinateur \u00e0 l\u2019agence, soit en vous rendant au 1 rue de terre-neuve, B\u00e2t C ZA Courtaboeuf 91940 les Ulis<br \/>\nPour cela, appelez-nous avant au <strong><span class=\"Style42\">09 52 86 09 09 .<\/span><\/strong><\/p>\n\t\t\t<\/div>\n\t\t<\/div>\n\t\t            <\/div>\n\t\t<\/div>\n\t\t\t\t\t\t<\/div>\n\t\t\t\t<\/div>\n\t\t\t\t\t<\/div>\n\t\t<\/div>\n\t\t\t\t\t<\/div>\n\t\t<\/section>\n\t\t\t\t<\/div>","protected":false},"excerpt":{"rendered":"<p>FAQ &nbsp; FOIRE AUX QUESTIONS : ci dessous les r\u00e9ponses aux questions les plus r\u00e9pandus. EXHER L&rsquo;INFORMATIQUE SANS SOUCIS.<\/p>","protected":false},"author":2,"featured_media":0,"parent":0,"menu_order":0,"comment_status":"closed","ping_status":"closed","template":"","meta":{"_monsterinsights_skip_tracking":false,"_monsterinsights_sitenote_active":false,"_monsterinsights_sitenote_note":"","_monsterinsights_sitenote_category":0,"_glsr_average":0,"_glsr_ranking":0,"_glsr_reviews":0,"footnotes":""},"class_list":["post-6772","page","type-page","status-publish","hentry"],"aioseo_notices":[],"yoast_head":"<!-- This site is optimized with the Yoast SEO plugin v27.0 - https:\/\/yoast.com\/product\/yoast-seo-wordpress\/ -->\n<title>Foire aux questions - FAQ - Exher L&#039;informatique sans soucis<\/title>\n<meta name=\"description\" content=\"Dans cette rubrique foire aux questions, veuillez retrouver toutes les r\u00e9ponses aux interrogations de nos clients.\" \/>\n<meta name=\"robots\" content=\"index, follow, max-snippet:-1, max-image-preview:large, max-video-preview:-1\" \/>\n<link rel=\"canonical\" href=\"https:\/\/www.exher.fr\/en\/faq-foire-aux-questions\/\" \/>\n<meta property=\"og:locale\" content=\"en_GB\" \/>\n<meta property=\"og:type\" content=\"article\" \/>\n<meta property=\"og:title\" content=\"Foire aux questions - FAQ - Exher L&#039;informatique sans soucis\" \/>\n<meta property=\"og:description\" content=\"Dans cette rubrique foire aux questions, veuillez retrouver toutes les r\u00e9ponses aux interrogations de nos clients.\" \/>\n<meta property=\"og:url\" content=\"https:\/\/www.exher.fr\/en\/faq-foire-aux-questions\/\" \/>\n<meta property=\"og:site_name\" content=\"Exher\" \/>\n<meta property=\"article:publisher\" content=\"https:\/\/www.facebook.com\/exher\/\" \/>\n<meta property=\"article:modified_time\" content=\"2022-09-09T07:38:11+00:00\" \/>\n<meta name=\"twitter:card\" content=\"summary_large_image\" \/>\n<meta name=\"twitter:site\" content=\"@TwiterExher\" \/>\n<meta name=\"twitter:label1\" content=\"Estimated reading time\" \/>\n\t<meta name=\"twitter:data1\" content=\"1 minute\" \/>\n<script type=\"application\/ld+json\" class=\"yoast-schema-graph\">{\"@context\":\"https:\/\/schema.org\",\"@graph\":[{\"@type\":\"WebPage\",\"@id\":\"https:\/\/www.exher.fr\/faq-foire-aux-questions\/\",\"url\":\"https:\/\/www.exher.fr\/faq-foire-aux-questions\/\",\"name\":\"Foire aux questions - FAQ - Exher L&#039;informatique sans soucis\",\"isPartOf\":{\"@id\":\"https:\/\/www.exher.fr\/#website\"},\"datePublished\":\"2020-05-20T12:16:38+00:00\",\"dateModified\":\"2022-09-09T07:38:11+00:00\",\"description\":\"Dans cette rubrique foire aux questions, veuillez retrouver toutes les r\u00e9ponses aux interrogations de nos clients.\",\"breadcrumb\":{\"@id\":\"https:\/\/www.exher.fr\/faq-foire-aux-questions\/#breadcrumb\"},\"inLanguage\":\"en-GB\",\"potentialAction\":[{\"@type\":\"ReadAction\",\"target\":[\"https:\/\/www.exher.fr\/faq-foire-aux-questions\/\"]}]},{\"@type\":\"BreadcrumbList\",\"@id\":\"https:\/\/www.exher.fr\/faq-foire-aux-questions\/#breadcrumb\",\"itemListElement\":[{\"@type\":\"ListItem\",\"position\":1,\"name\":\"Accueil\",\"item\":\"https:\/\/www.exher.fr\/\"},{\"@type\":\"ListItem\",\"position\":2,\"name\":\"FAQ\"}]},{\"@type\":\"WebSite\",\"@id\":\"https:\/\/www.exher.fr\/#website\",\"url\":\"https:\/\/www.exher.fr\/\",\"name\":\"Exher\",\"description\":\"L&#039;informatique sans soucis\",\"publisher\":{\"@id\":\"https:\/\/www.exher.fr\/#organization\"},\"potentialAction\":[{\"@type\":\"SearchAction\",\"target\":{\"@type\":\"EntryPoint\",\"urlTemplate\":\"https:\/\/www.exher.fr\/?s={search_term_string}\"},\"query-input\":{\"@type\":\"PropertyValueSpecification\",\"valueRequired\":true,\"valueName\":\"search_term_string\"}}],\"inLanguage\":\"en-GB\"},{\"@type\":\"Organization\",\"@id\":\"https:\/\/www.exher.fr\/#organization\",\"name\":\"EXHER\",\"url\":\"https:\/\/www.exher.fr\/\",\"logo\":{\"@type\":\"ImageObject\",\"inLanguage\":\"en-GB\",\"@id\":\"https:\/\/www.exher.fr\/#\/schema\/logo\/image\/\",\"url\":\"https:\/\/www.exher.fr\/wp-content\/uploads\/2019\/04\/exher2.png\",\"contentUrl\":\"https:\/\/www.exher.fr\/wp-content\/uploads\/2019\/04\/exher2.png\",\"width\":1772,\"height\":1022,\"caption\":\"EXHER\"},\"image\":{\"@id\":\"https:\/\/www.exher.fr\/#\/schema\/logo\/image\/\"},\"sameAs\":[\"https:\/\/www.facebook.com\/exher\/\",\"https:\/\/x.com\/TwiterExher\",\"https:\/\/www.instagram.com\/exher1\/\",\"https:\/\/www.linkedin.com\/feed\/\"]}]}<\/script>\n<!-- \/ Yoast SEO plugin. -->","yoast_head_json":{"title":"Foire aux questions - FAQ - Exher L&#039;informatique sans soucis","description":"Dans cette rubrique foire aux questions, veuillez retrouver toutes les r\u00e9ponses aux interrogations de nos clients.","robots":{"index":"index","follow":"follow","max-snippet":"max-snippet:-1","max-image-preview":"max-image-preview:large","max-video-preview":"max-video-preview:-1"},"canonical":"https:\/\/www.exher.fr\/en\/faq-foire-aux-questions\/","og_locale":"en_GB","og_type":"article","og_title":"Foire aux questions - FAQ - Exher L&#039;informatique sans soucis","og_description":"Dans cette rubrique foire aux questions, veuillez retrouver toutes les r\u00e9ponses aux interrogations de nos clients.","og_url":"https:\/\/www.exher.fr\/en\/faq-foire-aux-questions\/","og_site_name":"Exher","article_publisher":"https:\/\/www.facebook.com\/exher\/","article_modified_time":"2022-09-09T07:38:11+00:00","twitter_card":"summary_large_image","twitter_site":"@TwiterExher","twitter_misc":{"Estimated reading time":"1 minute"},"schema":{"@context":"https:\/\/schema.org","@graph":[{"@type":"WebPage","@id":"https:\/\/www.exher.fr\/faq-foire-aux-questions\/","url":"https:\/\/www.exher.fr\/faq-foire-aux-questions\/","name":"Foire aux questions - FAQ - Exher L&#039;informatique sans soucis","isPartOf":{"@id":"https:\/\/www.exher.fr\/#website"},"datePublished":"2020-05-20T12:16:38+00:00","dateModified":"2022-09-09T07:38:11+00:00","description":"Dans cette rubrique foire aux questions, veuillez retrouver toutes les r\u00e9ponses aux interrogations de nos clients.","breadcrumb":{"@id":"https:\/\/www.exher.fr\/faq-foire-aux-questions\/#breadcrumb"},"inLanguage":"en-GB","potentialAction":[{"@type":"ReadAction","target":["https:\/\/www.exher.fr\/faq-foire-aux-questions\/"]}]},{"@type":"BreadcrumbList","@id":"https:\/\/www.exher.fr\/faq-foire-aux-questions\/#breadcrumb","itemListElement":[{"@type":"ListItem","position":1,"name":"Accueil","item":"https:\/\/www.exher.fr\/"},{"@type":"ListItem","position":2,"name":"FAQ"}]},{"@type":"WebSite","@id":"https:\/\/www.exher.fr\/#website","url":"https:\/\/www.exher.fr\/","name":"Exher","description":"IT without worries","publisher":{"@id":"https:\/\/www.exher.fr\/#organization"},"potentialAction":[{"@type":"SearchAction","target":{"@type":"EntryPoint","urlTemplate":"https:\/\/www.exher.fr\/?s={search_term_string}"},"query-input":{"@type":"PropertyValueSpecification","valueRequired":true,"valueName":"search_term_string"}}],"inLanguage":"en-GB"},{"@type":"Organization","@id":"https:\/\/www.exher.fr\/#organization","name":"EXHER","url":"https:\/\/www.exher.fr\/","logo":{"@type":"ImageObject","inLanguage":"en-GB","@id":"https:\/\/www.exher.fr\/#\/schema\/logo\/image\/","url":"https:\/\/www.exher.fr\/wp-content\/uploads\/2019\/04\/exher2.png","contentUrl":"https:\/\/www.exher.fr\/wp-content\/uploads\/2019\/04\/exher2.png","width":1772,"height":1022,"caption":"EXHER"},"image":{"@id":"https:\/\/www.exher.fr\/#\/schema\/logo\/image\/"},"sameAs":["https:\/\/www.facebook.com\/exher\/","https:\/\/x.com\/TwiterExher","https:\/\/www.instagram.com\/exher1\/","https:\/\/www.linkedin.com\/feed\/"]}]}},"_links":{"self":[{"href":"https:\/\/www.exher.fr\/en\/wp-json\/wp\/v2\/pages\/6772","targetHints":{"allow":["GET"]}}],"collection":[{"href":"https:\/\/www.exher.fr\/en\/wp-json\/wp\/v2\/pages"}],"about":[{"href":"https:\/\/www.exher.fr\/en\/wp-json\/wp\/v2\/types\/page"}],"author":[{"embeddable":true,"href":"https:\/\/www.exher.fr\/en\/wp-json\/wp\/v2\/users\/2"}],"replies":[{"embeddable":true,"href":"https:\/\/www.exher.fr\/en\/wp-json\/wp\/v2\/comments?post=6772"}],"version-history":[{"count":51,"href":"https:\/\/www.exher.fr\/en\/wp-json\/wp\/v2\/pages\/6772\/revisions"}],"predecessor-version":[{"id":13858,"href":"https:\/\/www.exher.fr\/en\/wp-json\/wp\/v2\/pages\/6772\/revisions\/13858"}],"wp:attachment":[{"href":"https:\/\/www.exher.fr\/en\/wp-json\/wp\/v2\/media?parent=6772"}],"curies":[{"name":"wp","href":"https:\/\/api.w.org\/{rel}","templated":true}]}}