{"id":13595,"date":"2022-06-27T16:03:16","date_gmt":"2022-06-27T14:03:16","guid":{"rendered":"https:\/\/www.exher.fr\/?post_type=product&#038;p=13595"},"modified":"2026-04-02T10:51:34","modified_gmt":"2026-04-02T08:51:34","slug":"upgrade-pc","status":"publish","type":"product","link":"https:\/\/www.exher.fr\/en\/product\/upgrade-pc\/","title":{"rendered":"Upgrade PC"},"content":{"rendered":"<ul>\n<li>Nettoyage physique (d\u00e9poussi\u00e9rage + changement de p\u00e2te thermique)<\/li>\n<li>Changement de disque dur HDD en SSD de 240 GO<\/li>\n<li>Ajout de 4 go de Ram<\/li>\n<li>Installation Windows + mise \u00e0 jour<\/li>\n<li>Sauvegarde de donn\u00e9es de 30 go max<\/li>\n<\/ul>","protected":false},"excerpt":{"rendered":"<p>Nettoyage physique (d\u00e9poussi\u00e9rage + changement de p\u00e2te thermique) Changement de disque dur HDD en SSD de 240 GO Ajout de 4 go de Ram Installation Windows + mise \u00e0 jour Sauvegarde de donn\u00e9es de 30 go max<\/p>","protected":false},"featured_media":13640,"comment_status":"open","ping_status":"closed","template":"","meta":{"_monsterinsights_skip_tracking":false,"_monsterinsights_sitenote_active":false,"_monsterinsights_sitenote_note":"","_monsterinsights_sitenote_category":0,"_glsr_average":0,"_glsr_ranking":0,"_glsr_reviews":0},"product_brand":[],"product_cat":[15],"product_tag":[],"class_list":{"0":"post-13595","1":"product","2":"type-product","3":"status-publish","4":"has-post-thumbnail","6":"product_cat-non-classe","8":"first","9":"instock","10":"taxable","11":"shipping-taxable","12":"purchasable","13":"product-type-simple"},"aioseo_notices":[],"yoast_head":"<!-- This site is optimized with the Yoast SEO plugin v27.0 - https:\/\/yoast.com\/product\/yoast-seo-wordpress\/ -->\n<title>Upgrade PC - Exher<\/title>\n<meta name=\"robots\" content=\"noindex, follow\" \/>\n<meta property=\"og:locale\" content=\"en_GB\" \/>\n<meta property=\"og:type\" content=\"article\" \/>\n<meta property=\"og:title\" content=\"Upgrade PC - Exher\" \/>\n<meta property=\"og:description\" content=\"Nettoyage physique (d\u00e9poussi\u00e9rage + changement de p\u00e2te thermique) Changement de disque dur HDD en SSD de 240 GO Ajout de 4 go de Ram Installation Windows + mise \u00e0 jour Sauvegarde de donn\u00e9es de 30 go max\" \/>\n<meta property=\"og:url\" content=\"https:\/\/www.exher.fr\/en\/product\/upgrade-pc\/\" \/>\n<meta property=\"og:site_name\" content=\"Exher\" \/>\n<meta property=\"article:publisher\" content=\"https:\/\/www.facebook.com\/exher\/\" \/>\n<meta property=\"article:modified_time\" content=\"2026-04-02T08:51:34+00:00\" \/>\n<meta property=\"og:image\" content=\"https:\/\/www.exher.fr\/wp-content\/uploads\/2022\/06\/upgrade.jpg\" \/>\n\t<meta property=\"og:image:width\" content=\"2048\" \/>\n\t<meta property=\"og:image:height\" content=\"2048\" \/>\n\t<meta property=\"og:image:type\" content=\"image\/jpeg\" \/>\n<meta name=\"twitter:card\" content=\"summary_large_image\" \/>\n<meta name=\"twitter:site\" content=\"@TwiterExher\" \/>\n<meta name=\"twitter:label1\" content=\"Estimated reading time\" \/>\n\t<meta name=\"twitter:data1\" content=\"1 minute\" \/>\n<script type=\"application\/ld+json\" class=\"yoast-schema-graph\">{\"@context\":\"https:\/\/schema.org\",\"@graph\":[{\"@type\":\"WebPage\",\"@id\":\"https:\/\/www.exher.fr\/produit\/upgrade-pc\/\",\"url\":\"https:\/\/www.exher.fr\/produit\/upgrade-pc\/\",\"name\":\"Upgrade PC - Exher\",\"isPartOf\":{\"@id\":\"https:\/\/www.exher.fr\/#website\"},\"primaryImageOfPage\":{\"@id\":\"https:\/\/www.exher.fr\/produit\/upgrade-pc\/#primaryimage\"},\"image\":{\"@id\":\"https:\/\/www.exher.fr\/produit\/upgrade-pc\/#primaryimage\"},\"thumbnailUrl\":\"https:\/\/www.exher.fr\/wp-content\/uploads\/2022\/06\/upgrade.jpg\",\"datePublished\":\"2022-06-27T14:03:16+00:00\",\"dateModified\":\"2026-04-02T08:51:34+00:00\",\"breadcrumb\":{\"@id\":\"https:\/\/www.exher.fr\/produit\/upgrade-pc\/#breadcrumb\"},\"inLanguage\":\"en-GB\",\"potentialAction\":[{\"@type\":\"ReadAction\",\"target\":[\"https:\/\/www.exher.fr\/produit\/upgrade-pc\/\"]}]},{\"@type\":\"ImageObject\",\"inLanguage\":\"en-GB\",\"@id\":\"https:\/\/www.exher.fr\/produit\/upgrade-pc\/#primaryimage\",\"url\":\"https:\/\/www.exher.fr\/wp-content\/uploads\/2022\/06\/upgrade.jpg\",\"contentUrl\":\"https:\/\/www.exher.fr\/wp-content\/uploads\/2022\/06\/upgrade.jpg\",\"width\":2048,\"height\":2048},{\"@type\":\"BreadcrumbList\",\"@id\":\"https:\/\/www.exher.fr\/produit\/upgrade-pc\/#breadcrumb\",\"itemListElement\":[{\"@type\":\"ListItem\",\"position\":1,\"name\":\"Accueil\",\"item\":\"https:\/\/www.exher.fr\/\"},{\"@type\":\"ListItem\",\"position\":2,\"name\":\"Boutique\",\"item\":\"https:\/\/www.exher.fr\/boutique-en-ligne\/\"},{\"@type\":\"ListItem\",\"position\":3,\"name\":\"Upgrade PC\"}]},{\"@type\":\"WebSite\",\"@id\":\"https:\/\/www.exher.fr\/#website\",\"url\":\"https:\/\/www.exher.fr\/\",\"name\":\"Exher\",\"description\":\"L&#039;informatique sans soucis\",\"publisher\":{\"@id\":\"https:\/\/www.exher.fr\/#organization\"},\"potentialAction\":[{\"@type\":\"SearchAction\",\"target\":{\"@type\":\"EntryPoint\",\"urlTemplate\":\"https:\/\/www.exher.fr\/?s={search_term_string}\"},\"query-input\":{\"@type\":\"PropertyValueSpecification\",\"valueRequired\":true,\"valueName\":\"search_term_string\"}}],\"inLanguage\":\"en-GB\"},{\"@type\":\"Organization\",\"@id\":\"https:\/\/www.exher.fr\/#organization\",\"name\":\"EXHER\",\"url\":\"https:\/\/www.exher.fr\/\",\"logo\":{\"@type\":\"ImageObject\",\"inLanguage\":\"en-GB\",\"@id\":\"https:\/\/www.exher.fr\/#\/schema\/logo\/image\/\",\"url\":\"https:\/\/www.exher.fr\/wp-content\/uploads\/2019\/04\/exher2.png\",\"contentUrl\":\"https:\/\/www.exher.fr\/wp-content\/uploads\/2019\/04\/exher2.png\",\"width\":1772,\"height\":1022,\"caption\":\"EXHER\"},\"image\":{\"@id\":\"https:\/\/www.exher.fr\/#\/schema\/logo\/image\/\"},\"sameAs\":[\"https:\/\/www.facebook.com\/exher\/\",\"https:\/\/x.com\/TwiterExher\",\"https:\/\/www.instagram.com\/exher1\/\",\"https:\/\/www.linkedin.com\/feed\/\"]}]}<\/script>\n<!-- \/ Yoast SEO plugin. -->","yoast_head_json":{"title":"Upgrade PC - Exher","robots":{"index":"noindex","follow":"follow"},"og_locale":"en_GB","og_type":"article","og_title":"Upgrade PC - Exher","og_description":"Nettoyage physique (d\u00e9poussi\u00e9rage + changement de p\u00e2te thermique) Changement de disque dur HDD en SSD de 240 GO Ajout de 4 go de Ram Installation Windows + mise \u00e0 jour Sauvegarde de donn\u00e9es de 30 go max","og_url":"https:\/\/www.exher.fr\/en\/product\/upgrade-pc\/","og_site_name":"Exher","article_publisher":"https:\/\/www.facebook.com\/exher\/","article_modified_time":"2026-04-02T08:51:34+00:00","og_image":[{"width":2048,"height":2048,"url":"https:\/\/www.exher.fr\/wp-content\/uploads\/2022\/06\/upgrade.jpg","type":"image\/jpeg"}],"twitter_card":"summary_large_image","twitter_site":"@TwiterExher","twitter_misc":{"Estimated reading time":"1 minute"},"schema":{"@context":"https:\/\/schema.org","@graph":[{"@type":"WebPage","@id":"https:\/\/www.exher.fr\/produit\/upgrade-pc\/","url":"https:\/\/www.exher.fr\/produit\/upgrade-pc\/","name":"Upgrade PC - Exher","isPartOf":{"@id":"https:\/\/www.exher.fr\/#website"},"primaryImageOfPage":{"@id":"https:\/\/www.exher.fr\/produit\/upgrade-pc\/#primaryimage"},"image":{"@id":"https:\/\/www.exher.fr\/produit\/upgrade-pc\/#primaryimage"},"thumbnailUrl":"https:\/\/www.exher.fr\/wp-content\/uploads\/2022\/06\/upgrade.jpg","datePublished":"2022-06-27T14:03:16+00:00","dateModified":"2026-04-02T08:51:34+00:00","breadcrumb":{"@id":"https:\/\/www.exher.fr\/produit\/upgrade-pc\/#breadcrumb"},"inLanguage":"en-GB","potentialAction":[{"@type":"ReadAction","target":["https:\/\/www.exher.fr\/produit\/upgrade-pc\/"]}]},{"@type":"ImageObject","inLanguage":"en-GB","@id":"https:\/\/www.exher.fr\/produit\/upgrade-pc\/#primaryimage","url":"https:\/\/www.exher.fr\/wp-content\/uploads\/2022\/06\/upgrade.jpg","contentUrl":"https:\/\/www.exher.fr\/wp-content\/uploads\/2022\/06\/upgrade.jpg","width":2048,"height":2048},{"@type":"BreadcrumbList","@id":"https:\/\/www.exher.fr\/produit\/upgrade-pc\/#breadcrumb","itemListElement":[{"@type":"ListItem","position":1,"name":"Accueil","item":"https:\/\/www.exher.fr\/"},{"@type":"ListItem","position":2,"name":"Boutique","item":"https:\/\/www.exher.fr\/boutique-en-ligne\/"},{"@type":"ListItem","position":3,"name":"Upgrade PC"}]},{"@type":"WebSite","@id":"https:\/\/www.exher.fr\/#website","url":"https:\/\/www.exher.fr\/","name":"Exher","description":"IT without worries","publisher":{"@id":"https:\/\/www.exher.fr\/#organization"},"potentialAction":[{"@type":"SearchAction","target":{"@type":"EntryPoint","urlTemplate":"https:\/\/www.exher.fr\/?s={search_term_string}"},"query-input":{"@type":"PropertyValueSpecification","valueRequired":true,"valueName":"search_term_string"}}],"inLanguage":"en-GB"},{"@type":"Organization","@id":"https:\/\/www.exher.fr\/#organization","name":"EXHER","url":"https:\/\/www.exher.fr\/","logo":{"@type":"ImageObject","inLanguage":"en-GB","@id":"https:\/\/www.exher.fr\/#\/schema\/logo\/image\/","url":"https:\/\/www.exher.fr\/wp-content\/uploads\/2019\/04\/exher2.png","contentUrl":"https:\/\/www.exher.fr\/wp-content\/uploads\/2019\/04\/exher2.png","width":1772,"height":1022,"caption":"EXHER"},"image":{"@id":"https:\/\/www.exher.fr\/#\/schema\/logo\/image\/"},"sameAs":["https:\/\/www.facebook.com\/exher\/","https:\/\/x.com\/TwiterExher","https:\/\/www.instagram.com\/exher1\/","https:\/\/www.linkedin.com\/feed\/"]}]}},"_links":{"self":[{"href":"https:\/\/www.exher.fr\/en\/wp-json\/wp\/v2\/product\/13595","targetHints":{"allow":["GET"]}}],"collection":[{"href":"https:\/\/www.exher.fr\/en\/wp-json\/wp\/v2\/product"}],"about":[{"href":"https:\/\/www.exher.fr\/en\/wp-json\/wp\/v2\/types\/product"}],"replies":[{"embeddable":true,"href":"https:\/\/www.exher.fr\/en\/wp-json\/wp\/v2\/comments?post=13595"}],"wp:featuredmedia":[{"embeddable":true,"href":"https:\/\/www.exher.fr\/en\/wp-json\/wp\/v2\/media\/13640"}],"wp:attachment":[{"href":"https:\/\/www.exher.fr\/en\/wp-json\/wp\/v2\/media?parent=13595"}],"wp:term":[{"taxonomy":"product_brand","embeddable":true,"href":"https:\/\/www.exher.fr\/en\/wp-json\/wp\/v2\/product_brand?post=13595"},{"taxonomy":"product_cat","embeddable":true,"href":"https:\/\/www.exher.fr\/en\/wp-json\/wp\/v2\/product_cat?post=13595"},{"taxonomy":"product_tag","embeddable":true,"href":"https:\/\/www.exher.fr\/en\/wp-json\/wp\/v2\/product_tag?post=13595"}],"curies":[{"name":"wp","href":"https:\/\/api.w.org\/{rel}","templated":true}]}}